{"id":3591,"date":"2023-10-13T05:26:06","date_gmt":"2023-10-13T05:26:06","guid":{"rendered":"https:\/\/marylandaccesspoint.211md.org\/?page_id=3591"},"modified":"2026-02-06T16:37:14","modified_gmt":"2026-02-06T16:37:14","slug":"privacy-policy","status":"publish","type":"page","link":"https:\/\/marylandaccesspoint.211md.org\/es\/privacy-policy\/","title":{"rendered":"Pol\u00edtica de privacidad de MAP"},"content":{"rendered":"<h1>\n\t\t\tPol\u00edtica de privacidad\t<\/h1>\n\t<p>Este sitio web es publicado y administrado por el Departamento de Envejecimiento en colaboraci\u00f3n con el <a href=\"https:\/\/mdinfonet.org\/privacy-policy\/\" target=\"_blank\" rel=\"noopener\">Red de Informaci\u00f3n de Maryland<\/a>, el administrador de 211 Maryland. La siguiente pol\u00edtica de privacidad se aplica a <a href=\"https:\/\/marylandaccesspoint.211md.org\/es\/\">https:\/\/marylandaccesspoint.211md.org\/<\/a>.<\/p>\n<h2>Informaci\u00f3n recopilada y almacenada autom\u00e1ticamente<\/h2>\n<p>Cuando navega por estos sitios web, lee p\u00e1ginas o descarga informaci\u00f3n, es posible que se recopile y almacene autom\u00e1ticamente cierta informaci\u00f3n sobre su visita. Esta informaci\u00f3n no le identifica personalmente e incluye lo siguiente:<\/p>\n<ul>\n<li>El dominio de Internet (por ejemplo: aol.com) y la direcci\u00f3n IP (el n\u00famero asignado autom\u00e1ticamente a su computadora cuando navega por la web) desde el que accede a nuestro portal;<\/li>\n<li>El tipo de navegador y sistema operativo utilizado para acceder a nuestro sitio;<\/li>\n<li>La fecha y hora en que accede a nuestro sitio web;<\/li>\n<li>Las p\u00e1ginas que visita;<\/li>\n<li>La direcci\u00f3n desde la que se ha conectado a nuestro sitio web.<\/li>\n<\/ul>\n<p>Esta informaci\u00f3n se utiliza para que estos sitios web sean m\u00e1s \u00fatiles para los visitantes, para conocer el n\u00famero de visitantes de nuestro sitio y los tipos de tecnolog\u00eda que utilizan nuestros visitantes. No rastreamos ni registramos informaci\u00f3n que identifique a las personas y sus visitas.<\/p>\n<h2>Cookies<\/h2>\n<p>Estos sitios web pueden usar \u201ccookies temporales\u201d para rastrear la navegaci\u00f3n del usuario con el fin de hacer la experiencia del usuario m\u00e1s \u00fatil. Una cookie temporal se borra cuando el usuario cierra el navegador web. La \u201ccookie temporal\u201d, tambi\u00e9n llamada cookie de sesi\u00f3n, se almacena en la memoria temporal en forma de un archivo de texto en tu computadora y se borra despu\u00e9s de que finaliza la sesi\u00f3n del navegador. No se recopila ni almacena informaci\u00f3n de identificaci\u00f3n del usuario en otras computadoras en ning\u00fan lugar. No almacenamos ninguna informaci\u00f3n personal basada en tu visita a ninguno de los sitios web.<\/p>\n<h2>Correo electr\u00f3nico<\/h2>\n<p>Si nos env\u00eda un correo electr\u00f3nico, utilizamos la informaci\u00f3n que nos env\u00eda para responder a su consulta, al igual que hacemos con la correspondencia escrita. La correspondencia por correo electr\u00f3nico, al igual que la correspondencia enviada por correo postal, puede convertirse en un registro p\u00fablico. Como registro p\u00fablico, su correspondencia podr\u00eda ser divulgada a otras partes a solicitud de estas, de conformidad con la ley de registros p\u00fablicos de Maryland. Por favor, limite la informaci\u00f3n privada\/personal que comparte utilizando el formulario \"Cont\u00e1ctenos\" incrustado en este sitio web.<\/p>\n<h2>Pol\u00edtica general de privacidad<\/h2>\n<p>Es nuestra pol\u00edtica preservar la privacidad de los registros personales y proteger la informaci\u00f3n confidencial o privilegiada. Dicha informaci\u00f3n solo se divulgar\u00e1 p\u00fablicamente cuando lo exija la Ley de Informaci\u00f3n P\u00fablica o cuando sea necesario y permisible para el desempe\u00f1o de funciones oficiales. Seg\u00fan la legislaci\u00f3n estatal, estas pol\u00edticas no se aplican a la informaci\u00f3n recopilada para determinados fines espec\u00edficos, como la investigaci\u00f3n de una posible infracci\u00f3n de la ley. Si tiene alguna pregunta sobre estas pol\u00edticas de privacidad, env\u00edela por correo electr\u00f3nico a <a href=\"mailto:mdoa.webmail@maryland.gov\">mdoa.webmail@maryland.gov<\/a>.<\/p>\n<h2>Cambios en la pol\u00edtica de privacidad<\/h2>\n<p>Los cambios en nuestros sitios web pueden requerir modificaciones en la pol\u00edtica de privacidad. Cualquier cambio se notificar\u00e1 oportunamente en la p\u00e1gina de Pol\u00edtica de privacidad del sitio web correspondiente.<\/p>","protected":false},"excerpt":{"rendered":"<p>Pol\u00edtica de Privacidad\nEste sitio web es publicado y administrado por el Departamento de Envejecimiento en asociaci\u00f3n con la Red de Informaci\u00f3n de Maryland, el administrador de 211 Maryland. La siguiente pol\u00edtica de privacidad se aplica a https:\/\/marylandaccesspoint.211211md.org\/.\nInformaci\u00f3n que se recopila y almacena autom\u00e1ticamente.\nCuando usted navega por estos sitios web, lee p\u00e1ginas o descarga informaci\u00f3n, cierta informaci\u00f3n sobre su visita se puede recopilar autom\u00e1ticamente...<\/p>","protected":false},"author":11,"featured_media":0,"parent":0,"menu_order":0,"comment_status":"closed","ping_status":"closed","template":"","meta":{"footnotes":""},"class_list":["post-3591","page","type-page","status-publish","hentry"],"_links":{"self":[{"href":"https:\/\/marylandaccesspoint.211md.org\/es\/wp-json\/wp\/v2\/pages\/3591","targetHints":{"allow":["GET"]}}],"collection":[{"href":"https:\/\/marylandaccesspoint.211md.org\/es\/wp-json\/wp\/v2\/pages"}],"about":[{"href":"https:\/\/marylandaccesspoint.211md.org\/es\/wp-json\/wp\/v2\/types\/page"}],"author":[{"embeddable":true,"href":"https:\/\/marylandaccesspoint.211md.org\/es\/wp-json\/wp\/v2\/users\/11"}],"replies":[{"embeddable":true,"href":"https:\/\/marylandaccesspoint.211md.org\/es\/wp-json\/wp\/v2\/comments?post=3591"}],"version-history":[{"count":2,"href":"https:\/\/marylandaccesspoint.211md.org\/es\/wp-json\/wp\/v2\/pages\/3591\/revisions"}],"predecessor-version":[{"id":4330,"href":"https:\/\/marylandaccesspoint.211md.org\/es\/wp-json\/wp\/v2\/pages\/3591\/revisions\/4330"}],"wp:attachment":[{"href":"https:\/\/marylandaccesspoint.211md.org\/es\/wp-json\/wp\/v2\/media?parent=3591"}],"curies":[{"name":"wp","href":"https:\/\/api.w.org\/{rel}","templated":true}]}}