{"id":3640,"date":"2025-04-02T20:44:25","date_gmt":"2025-04-02T20:44:25","guid":{"rendered":"https:\/\/marylandaccesspoint.211md.org\/?page_id=3640"},"modified":"2026-03-31T22:23:51","modified_gmt":"2026-03-31T22:23:51","slug":"map","status":"publish","type":"page","link":"https:\/\/marylandaccesspoint.211md.org\/es\/","title":{"rendered":"Inicio"},"content":{"rendered":"<h1>\n\t\t\tBienvenido a Maryland Access Point (MAP)\t<\/h1>\n\t<h2>Su portal de informaci\u00f3n y referencias sobre los servicios financieros, de salud y de apoyo disponibles para personas mayores, personas con discapacidades y cuidadores en Maryland.<\/h2>\n\t\t\t<a href=\"https:\/\/marylandaccesspoint.211md.org\/es\/counselor\/\"  target=\"_self\">\n\t\t\t\t\t\t\tEncuentre su oficina local de mapas\n\t\t\t<\/a>\n<h2>\n\t\t\tApoyo para personas mayores y personas con discapacidad\t<\/h2>\n\t<p>Los especialistas de MAP trabajan con cuidadores, profesionales y residentes de Maryland con necesidades de cuidados a largo plazo para planificar, identificar, conectar y ayudar a acceder a recursos privados y p\u00fablicos para servicios y apoyos a largo plazo.<\/p>\n<figure itemscope itemtype=\"https:\/\/schema.org\/ImageObject\">\n\t\t\t\t<a href=\"\/es\/services\/\"  target=\"_self\" itemprop=\"url\">\n\t\t\t\t<img decoding=\"async\" src=\"https:\/\/marylandaccesspoint.211md.org\/wp-content\/uploads\/2025\/04\/Images2.jpg\" alt=\"Man typing on computer\" height=\"750\" width=\"750\" title=\"Im\u00e1genes2\" onerror=\"this.style.display='none'\" loading=\"lazy\" \/>\n\t\t\t\t<\/a>\n\t\t\t\t\t\t<figcaption>Explorar programas<\/figcaption>\n\t<\/figure>\n\t<h3><a href=\"\/es\/services\/\">Explorar programas<\/a><\/h3>\n<p>Consulte la informaci\u00f3n sobre los servicios y apoyos disponibles en materia de atenci\u00f3n m\u00e9dica, transporte, ayuda financiera, programas para personas mayores, servicios de alimentaci\u00f3n, vivienda, cuidados y mucho m\u00e1s.<\/p>\n<figure itemscope itemtype=\"https:\/\/schema.org\/ImageObject\">\n\t\t\t\t<a href=\"\/es\/connect\/\"  target=\"_self\" itemprop=\"url\">\n\t\t\t\t<img decoding=\"async\" src=\"https:\/\/marylandaccesspoint.211md.org\/wp-content\/uploads\/2025\/04\/Images.jpg\" alt=\"Receptionist on the phone\" height=\"750\" width=\"750\" title=\"Im\u00e1genes\" onerror=\"this.style.display='none'\" loading=\"lazy\" \/>\n\t\t\t\t<\/a>\n\t\t\t\t\t\t<figcaption>Con\u00e9ctese con MAP<\/figcaption>\n\t<\/figure>\n\t<h3><a href=\"\/es\/connect\/\">Con\u00e9ctese con MAP<\/a><\/h3>\n<p>Reciba ayuda personalizada de un asesor calificado sobre los programas, servicios y beneficios disponibles para usted, as\u00ed como asistencia para desarrollar un plan de acci\u00f3n personalizado.<\/p>\n<figure itemscope itemtype=\"https:\/\/schema.org\/ImageObject\">\n\t\t\t\t<a href=\"https:\/\/search.marylandaccesspoint.211md.org\/\"  target=\"_blank\" rel=\"noopener\"  itemprop=\"url\">\n\t\t\t\t<img decoding=\"async\" src=\"https:\/\/marylandaccesspoint.211md.org\/wp-content\/uploads\/2021\/09\/shutterstock_1195914319.png\" alt=\"Couple looking at their computer together\" height=\"711\" width=\"1366\" title=\"shutterstock_1195914319\" onerror=\"this.style.display='none'\" loading=\"lazy\" \/>\n\t\t\t\t<\/a>\n\t\t\t\t\t\t<figcaption>Utilice la herramienta de b\u00fasqueda<\/figcaption>\n\t<\/figure>\n\t<h3><a href=\"https:\/\/search.marylandaccesspoint.211md.org\/\" target=\"_blank\" rel=\"noopener\">Utilice la herramienta de b\u00fasqueda<\/a><\/h3>\n<p>Encuentre informaci\u00f3n sobre los recursos, programas, servicios y proveedores disponibles en su comunidad a trav\u00e9s de nuestra herramienta de b\u00fasqueda por palabras clave.<\/p>\n<h2>\n\t\t\tProveedores de servicios:\t<\/h2>\n\t<p>Las organizaciones comunitarias, los proveedores de atenci\u00f3n m\u00e9dica, servicios humanos y otros servicios pueden registrarse en MAP para ayudarnos a satisfacer las necesidades de las personas mayores y las personas con discapacidades en Maryland. Lea nuestro <a href=\"https:\/\/211md.org\/inclusion-policy\/\">pol\u00edtica de inclusi\u00f3n<\/a> para ver si su organizaci\u00f3n es adecuada para el MAP.<\/p>\n\t\t\t<a href=\"https:\/\/docs.google.com\/forms\/d\/e\/1FAIpQLSdP1V4oqiAOGr2uK9rkCIxzTpexnlyuDmDkqfJ0CjtIbmWV0A\/viewform\" target=\"_blank\" rel=\"noopener\">\n\t\t\t\t\t\t\tA\u00f1adir un recurso\n\t\t\t<\/a>","protected":false},"excerpt":{"rendered":"<p>Bienvenido a Maryland Access Point (MAP), su portal de informaci\u00f3n y referencias sobre los servicios financieros, de salud y de apoyo disponibles para personas mayores, personas con discapacidades y cuidadores en Maryland. Encuentre su oficina local de MAP Apoyo para personas mayores y personas con discapacidades Los especialistas de MAP trabajan con cuidadores, profesionales y residentes de Maryland con necesidades de cuidados a largo plazo para...<\/p>","protected":false},"author":13,"featured_media":0,"parent":0,"menu_order":0,"comment_status":"closed","ping_status":"closed","template":"","meta":{"footnotes":""},"class_list":["post-3640","page","type-page","status-publish","hentry"],"_links":{"self":[{"href":"https:\/\/marylandaccesspoint.211md.org\/es\/wp-json\/wp\/v2\/pages\/3640","targetHints":{"allow":["GET"]}}],"collection":[{"href":"https:\/\/marylandaccesspoint.211md.org\/es\/wp-json\/wp\/v2\/pages"}],"about":[{"href":"https:\/\/marylandaccesspoint.211md.org\/es\/wp-json\/wp\/v2\/types\/page"}],"author":[{"embeddable":true,"href":"https:\/\/marylandaccesspoint.211md.org\/es\/wp-json\/wp\/v2\/users\/13"}],"replies":[{"embeddable":true,"href":"https:\/\/marylandaccesspoint.211md.org\/es\/wp-json\/wp\/v2\/comments?post=3640"}],"version-history":[{"count":16,"href":"https:\/\/marylandaccesspoint.211md.org\/es\/wp-json\/wp\/v2\/pages\/3640\/revisions"}],"predecessor-version":[{"id":4377,"href":"https:\/\/marylandaccesspoint.211md.org\/es\/wp-json\/wp\/v2\/pages\/3640\/revisions\/4377"}],"wp:attachment":[{"href":"https:\/\/marylandaccesspoint.211md.org\/es\/wp-json\/wp\/v2\/media?parent=3640"}],"curies":[{"name":"wp","href":"https:\/\/api.w.org\/{rel}","templated":true}]}}