{"id":3667,"date":"2025-04-08T18:35:08","date_gmt":"2025-04-08T18:35:08","guid":{"rendered":"https:\/\/marylandaccesspoint.211md.org\/?page_id=3667"},"modified":"2026-03-31T20:21:29","modified_gmt":"2026-03-31T20:21:29","slug":"services","status":"publish","type":"page","link":"https:\/\/marylandaccesspoint.211md.org\/es\/services\/","title":{"rendered":"Servicios"},"content":{"rendered":"<h1>Servicios y apoyos<\/h1>\n\t\t<p>Conscientes de que las condiciones en las que vivimos influyen en nuestra salud, MAP ayuda a las personas a definir sus necesidades m\u00e9dicas y econ\u00f3micas, y a identificar los beneficios y servicios disponibles a los que pueden tener derecho para ayudarles a mantener la mayor independencia posible.<\/p>\n\t\t\t<a href=\"#start\"  target=\"_self\">\n\t\t\t\t\t\t\tM\u00e1s informaci\u00f3n\n\t\t\t\t\t<\/a>\n<figure itemscope itemtype=\"https:\/\/schema.org\/ImageObject\">\n\t\t\t\t<a href=\"https:\/\/marylandaccesspoint.211md.org\/es\/home\/\"  target=\"_self\" itemprop=\"url\">\n\t\t\t\t<img decoding=\"async\" src=\"https:\/\/marylandaccesspoint.211md.org\/wp-content\/uploads\/2021\/04\/Three-Women-Smiling.png\" alt=\"Three Women Smiling\" height=\"355\" width=\"509\" onerror=\"this.style.display='none'\" loading=\"lazy\" \/>\n\t\t\t\t<\/a>\n\t\t\t\t\t\t<figcaption>Asistencia a domicilio<\/figcaption>\n\t<\/figure>\n<h2>\n\t\t<a href=\"https:\/\/marylandaccesspoint.211md.org\/es\/home\/\" title=\"Asistencia a domicilio\"  target=\"_self\">\n\t\t\tAsistencia a domicilio\t\t<\/a>\n\t<\/h2>\n<figure itemscope itemtype=\"https:\/\/schema.org\/ImageObject\">\n\t\t\t\t<a href=\"https:\/\/marylandaccesspoint.211md.org\/es\/food\/\"  target=\"_self\" itemprop=\"url\">\n\t\t\t\t<img decoding=\"async\" src=\"https:\/\/marylandaccesspoint.211md.org\/wp-content\/uploads\/2025\/04\/bigstock-COVID-Stay-home-Delivering-364251040-1024x485.jpg\" alt=\"Lady wearing mask delivering food\" height=\"485\" width=\"1024\" title=\"COVID-19 Qu\u00e9date en casa. Entrega de v\u00edveres a personas mayores.\" onerror=\"this.style.display='none'\" loading=\"lazy\" \/>\n\t\t\t\t<\/a>\n\t\t\t\t\t\t<figcaption>Acceso a los alimentos<\/figcaption>\n\t<\/figure>\n<h2>\n\t\t<a href=\"https:\/\/marylandaccesspoint.211md.org\/es\/food\/\" title=\"Acceso a los alimentos\"  target=\"_self\">\n\t\t\tAcceso a los alimentos\t\t<\/a>\n\t<\/h2>\n<figure itemscope itemtype=\"https:\/\/schema.org\/ImageObject\">\n\t\t\t\t<a href=\"https:\/\/marylandaccesspoint.211md.org\/es\/healthcare\/\"  target=\"_self\" itemprop=\"url\">\n\t\t\t\t<img decoding=\"async\" src=\"https:\/\/marylandaccesspoint.211md.org\/wp-content\/uploads\/2022\/08\/services.jpg\" alt=\"Nurse smiling at man in wheelchair\" height=\"488\" width=\"735\" title=\"servicios\" onerror=\"this.style.display='none'\" loading=\"lazy\" \/>\n\t\t\t\t<\/a>\n\t\t\t\t\t\t<figcaption>atenci\u00f3n m\u00e9dica<\/figcaption>\n\t<\/figure>\n<h2>\n\t\t<a href=\"https:\/\/marylandaccesspoint.211md.org\/es\/healthcare\/\" title=\"Atenci\u00f3n m\u00e9dica\"  target=\"_self\">\n\t\t\tAtenci\u00f3n m\u00e9dica\t\t<\/a>\n\t<\/h2>\n<figure itemscope itemtype=\"https:\/\/schema.org\/ImageObject\">\n\t\t\t\t<a href=\"https:\/\/marylandaccesspoint.211md.org\/es\/housing\/\"  target=\"_self\" itemprop=\"url\">\n\t\t\t\t<img decoding=\"async\" src=\"https:\/\/marylandaccesspoint.211md.org\/wp-content\/uploads\/2025\/04\/Untitled-design-2-1024x576.jpg\" alt=\"Apartments\" height=\"576\" width=\"1024\" title=\"Vivienda\" onerror=\"this.style.display='none'\" loading=\"lazy\" \/>\n\t\t\t\t<\/a>\n\t\t\t\t\t\t<figcaption>Servicios de vivienda<\/figcaption>\n\t<\/figure>\n<h2>\n\t\t<a href=\"https:\/\/marylandaccesspoint.211md.org\/es\/housing\/\" title=\"Servicios de vivienda\"  target=\"_self\">\n\t\t\tServicios de vivienda\t\t<\/a>\n\t<\/h2>\n<figure itemscope itemtype=\"https:\/\/schema.org\/ImageObject\">\n\t\t\t\t<a href=\"https:\/\/marylandaccesspoint.211md.org\/es\/caregiving\/\"  target=\"_self\" itemprop=\"url\">\n\t\t\t\t<img decoding=\"async\" src=\"https:\/\/marylandaccesspoint.211md.org\/wp-content\/uploads\/2025\/06\/Untitled-design-18-1024x1024.jpg\" alt=\"Woman smiling at Patient\" height=\"1024\" width=\"1024\" title=\"Cuidador\" onerror=\"this.style.display='none'\" loading=\"lazy\" \/>\n\t\t\t\t<\/a>\n\t\t\t\t\t\t<figcaption>Cuidado de personas<\/figcaption>\n\t<\/figure>\n<h2>\n\t\t<a href=\"https:\/\/marylandaccesspoint.211md.org\/es\/caregiving\/\" title=\"Cuidado de personas\"  target=\"_self\">\n\t\t\tCuidado de personas\t\t<\/a>\n\t<\/h2>\n<figure itemscope itemtype=\"https:\/\/schema.org\/ImageObject\">\n\t\t\t\t<a href=\"https:\/\/marylandaccesspoint.211md.org\/es\/brainhealth\/\"  target=\"_self\" itemprop=\"url\">\n\t\t\t\t<img decoding=\"async\" src=\"https:\/\/marylandaccesspoint.211md.org\/wp-content\/uploads\/2025\/06\/Untitled-design-20-1024x1024.jpg\" alt=\"two men having a conversation\" height=\"1024\" width=\"1024\" title=\"Atenci\u00f3n a los veteranos\" onerror=\"this.style.display='none'\" loading=\"lazy\" \/>\n\t\t\t\t<\/a>\n\t\t\t\t\t\t<figcaption>Salud cerebral y mental<\/figcaption>\n\t<\/figure>\n<h2>\n\t\t<a href=\"https:\/\/marylandaccesspoint.211md.org\/es\/brainhealth\/\" title=\"Salud cerebral y mental\"  target=\"_self\">\n\t\t\tSalud cerebral y mental\t\t<\/a>\n\t<\/h2>\n<figure itemscope itemtype=\"https:\/\/schema.org\/ImageObject\">\n\t\t\t\t<a href=\"https:\/\/marylandaccesspoint.211md.org\/es\/financial\/\"  target=\"_self\" itemprop=\"url\">\n\t\t\t\t<img decoding=\"async\" src=\"https:\/\/marylandaccesspoint.211md.org\/wp-content\/uploads\/2025\/05\/Untitled-design-10-1024x576.jpg\" alt=\"Older woman looking at a sheet of paper\" height=\"576\" width=\"1024\" title=\"Ayuda financiera\" onerror=\"this.style.display='none'\" loading=\"lazy\" \/>\n\t\t\t\t<\/a>\n\t\t\t\t\t\t<figcaption>Ayuda financiera<\/figcaption>\n\t<\/figure>\n<h2>\n\t\t<a href=\"https:\/\/marylandaccesspoint.211md.org\/es\/financial\/\" title=\"Ayuda financiera\"  target=\"_self\">\n\t\t\tAyuda financiera\t\t<\/a>\n\t<\/h2>\n<figure itemscope itemtype=\"https:\/\/schema.org\/ImageObject\">\n\t\t\t\t<a href=\"https:\/\/marylandaccesspoint.211md.org\/es\/transportation\/\"  target=\"_self\" itemprop=\"url\">\n\t\t\t\t<img decoding=\"async\" src=\"https:\/\/marylandaccesspoint.211md.org\/wp-content\/uploads\/2025\/04\/19-scaled-e1768415735149-1024x682.jpg\" alt=\"Medical Transportation\" height=\"682\" width=\"1024\" title=\"Servicios de transporte\" onerror=\"this.style.display='none'\" loading=\"lazy\" \/>\n\t\t\t\t<\/a>\n\t\t\t\t\t\t<figcaption>Transporte<\/figcaption>\n\t<\/figure>\n<h2>\n\t\t<a href=\"https:\/\/marylandaccesspoint.211md.org\/es\/transportation\/\" title=\"Transporte\"  target=\"_self\">\n\t\t\tTransporte\t\t<\/a>\n\t<\/h2>\n<figure itemscope itemtype=\"https:\/\/schema.org\/ImageObject\">\n\t\t\t\t<a href=\"https:\/\/marylandaccesspoint.211md.org\/es\/equipment\/\"  target=\"_self\" itemprop=\"url\">\n\t\t\t\t<img decoding=\"async\" src=\"https:\/\/marylandaccesspoint.211md.org\/wp-content\/uploads\/2025\/04\/20-scaled-e1768414443430-1024x682.jpg\" alt=\"Wheelchair in the park\" height=\"682\" width=\"1024\" title=\"Silla de ruedas\" onerror=\"this.style.display='none'\" loading=\"lazy\" \/>\n\t\t\t\t<\/a>\n\t\t\t\t\t\t<figcaption>Equipo y tecnolog\u00eda<\/figcaption>\n\t<\/figure>\n<h2>\n\t\t<a href=\"https:\/\/marylandaccesspoint.211md.org\/es\/equipment\/\" title=\"Equipo y tecnolog\u00eda\"  target=\"_self\">\n\t\t\tEquipo y tecnolog\u00eda\t\t<\/a>\n\t<\/h2>\n<figure itemscope itemtype=\"https:\/\/schema.org\/ImageObject\">\n\t\t\t\t<a href=\"https:\/\/marylandaccesspoint.211md.org\/es\/legal\/\"  target=\"_self\" itemprop=\"url\">\n\t\t\t\t<img decoding=\"async\" src=\"https:\/\/marylandaccesspoint.211md.org\/wp-content\/uploads\/2025\/05\/Untitled-design-13-1024x576.jpg\" alt=\"Abuse and Exploitation\" height=\"576\" width=\"1024\" title=\"Recursos legales, judiciales y de equidad\" onerror=\"this.style.display='none'\" loading=\"lazy\" \/>\n\t\t\t\t<\/a>\n\t\t\t\t\t\t<figcaption>Recursos legales, judiciales y de equidad<\/figcaption>\n\t<\/figure>\n<h2>\n\t\t<a href=\"https:\/\/marylandaccesspoint.211md.org\/es\/legal\/\" title=\"Legalidad, justicia y equidad\"  target=\"_self\">\n\t\t\tLegalidad, justicia y equidad\t\t<\/a>\n\t<\/h2>","protected":false},"excerpt":{"rendered":"<p>Servicios y Apoyos Reconociendo que los resultados de salud se ven afectados por las condiciones en las que vivimos, MAP involucra a las personas para definir sus necesidades de atenci\u00f3n y financieras, e identificar los beneficios y servicios disponibles para los que pueden calificar para ayudarles a permanecer lo m\u00e1s independientes posible. Obtenga m\u00e1s informaci\u00f3n Apoyo en el Hogar Acceso a Alimentos Acceso a Alimentos Atenci\u00f3n m\u00e9dica\u2026<\/p>","protected":false},"author":13,"featured_media":0,"parent":0,"menu_order":0,"comment_status":"closed","ping_status":"closed","template":"","meta":{"footnotes":""},"class_list":["post-3667","page","type-page","status-publish","hentry"],"_links":{"self":[{"href":"https:\/\/marylandaccesspoint.211md.org\/es\/wp-json\/wp\/v2\/pages\/3667","targetHints":{"allow":["GET"]}}],"collection":[{"href":"https:\/\/marylandaccesspoint.211md.org\/es\/wp-json\/wp\/v2\/pages"}],"about":[{"href":"https:\/\/marylandaccesspoint.211md.org\/es\/wp-json\/wp\/v2\/types\/page"}],"author":[{"embeddable":true,"href":"https:\/\/marylandaccesspoint.211md.org\/es\/wp-json\/wp\/v2\/users\/13"}],"replies":[{"embeddable":true,"href":"https:\/\/marylandaccesspoint.211md.org\/es\/wp-json\/wp\/v2\/comments?post=3667"}],"version-history":[{"count":14,"href":"https:\/\/marylandaccesspoint.211md.org\/es\/wp-json\/wp\/v2\/pages\/3667\/revisions"}],"predecessor-version":[{"id":4376,"href":"https:\/\/marylandaccesspoint.211md.org\/es\/wp-json\/wp\/v2\/pages\/3667\/revisions\/4376"}],"wp:attachment":[{"href":"https:\/\/marylandaccesspoint.211md.org\/es\/wp-json\/wp\/v2\/media?parent=3667"}],"curies":[{"name":"wp","href":"https:\/\/api.w.org\/{rel}","templated":true}]}}