{"id":3705,"date":"2025-04-16T12:57:18","date_gmt":"2025-04-16T12:57:18","guid":{"rendered":"https:\/\/marylandaccesspoint.211md.org\/?page_id=3705"},"modified":"2026-04-09T22:04:45","modified_gmt":"2026-04-09T22:04:45","slug":"counselor","status":"publish","type":"page","link":"https:\/\/marylandaccesspoint.211md.org\/es\/counselor\/","title":{"rendered":"Consejero"},"content":{"rendered":"<h1>\n\t\t\tCon\u00e9ctese con un asesor\t<\/h1>\n<h2>\n\t\t\tLos asesores locales del MAP ofrecen asesoramiento gratuito y personalizado, derivaciones y asistencia para ayudar a las personas mayores, las personas con discapacidades y sus cuidadores a encontrar programas a los que puedan optar y solicitar servicios que les ayuden a mantenerse seguros en sus hogares y comunidades.\t<\/h2>\n\t<h2>Encuentre su oficina local de MAP<\/h2>\n<p>P\u00f3ngase en contacto con su oficina local de MAP para obtener informaci\u00f3n sobre los programas y servicios de su comunidad a los que puede tener derecho.<\/p>\n\t\t\t\t\t<h3 id=\"fl-accordion--label-0\">Allegany<\/h3>\n\t\t\t\t\t\t\t\t\t\t\t<button type=\"button\" id=\"fl-accordion--icon-0\" aria-expanded=\"false\" aria-controls=\"fl-accordion--panel-0\"><i>Expandir<\/i><\/button>\n\t\t\t\t\t<p><strong>Oficina local del MAP:<\/strong><\/p>\n<p>Comisi\u00f3n de Desarrollo de Recursos Humanos<\/p>\n<ul>\n<li>301-783-1752<\/li>\n<li>125 Virginia Avenue, Cumberland, MD 21502<\/li>\n<li><a href=\"https:\/\/alleganyhrdc.org\/\" target=\"_blank\" rel=\"noopener\">alleganyhrdc.org<\/a><\/li>\n<\/ul>\n<p><strong>Centro para la Vida Independiente:<\/strong><\/p>\n<p>Recursos para la independencia<\/p>\n<ul>\n<li>301-784-1774, extensi\u00f3n 101<\/li>\n<li>735 East Oldtown Road Cumberland, MD 21502<\/li>\n<li><a href=\"https:\/\/rficil.org\/\" target=\"_blank\" rel=\"noopener\">rficil.org<\/a><\/li>\n<\/ul>\n\t\t\t\t\t<h3 id=\"fl-accordion--label-1\">Anne Arundel<\/h3>\n\t\t\t\t\t\t\t\t\t\t\t<button type=\"button\" id=\"fl-accordion--icon-1\" aria-expanded=\"false\" aria-controls=\"fl-accordion--panel-1\"><i>Expandir<\/i><\/button>\n\t\t\t\t\t<p><strong>Oficina local del MAP:<\/strong><\/p>\n<p>Departamento de Envejecimiento y Discapacidades del Condado de Anne Arundel<\/p>\n<ul>\n<li>(410) 222-4257<\/li>\n<li>7320 Ritchie Highway, Glen Burnie, MD 21061<\/li>\n<li><a href=\"https:\/\/www.aacounty.org\/departments\/aging-and-disabilities\/\" target=\"_blank\" rel=\"noopener\">aacounty.org\/departamentos\/envejecimiento-y-discapacidades<\/a><\/li>\n<\/ul>\n<p><strong>Centro para la Vida Independiente:<\/strong><\/p>\n<p>Recursos accesibles para la independencia<\/p>\n<ul>\n<li>(410) 636-2274<\/li>\n<li>1406-B Crain Hwy S #206, Glen Burnie, MD 21061<\/li>\n<li><a href=\"https:\/\/arinow.org\/\" target=\"_blank\" rel=\"noopener\">arinow.org<\/a><\/li>\n<\/ul>\n\t\t\t\t\t<h3 id=\"fl-accordion--label-2\">Ciudad de Baltimore<\/h3>\n\t\t\t\t\t\t\t\t\t\t\t<button type=\"button\" id=\"fl-accordion--icon-2\" aria-expanded=\"false\" aria-controls=\"fl-accordion--panel-2\"><i>Expandir<\/i><\/button>\n\t\t\t\t\t<p><strong>Oficina local del MAP:<\/strong><\/p>\n<p>Oficina de Servicios para Personas Mayores y CARE<\/p>\n<ul>\n<li>410-396-2273<\/li>\n<li>1001 East Fayette Street, 6.\u00ba piso, Baltimore, MD 21202<\/li>\n<li><a href=\"https:\/\/health.baltimorecity.gov\/programs\/seniors\" target=\"_blank\" rel=\"noopener\">https:\/\/health.baltimorecity.gov\/programs\/seniors<\/a><\/li>\n<\/ul>\n<p><strong>Centro para la Vida Independiente:<\/strong><\/p>\n<p>El Centro de Imagen de Maryland<\/p>\n<ul>\n<li>410-982-6311<\/li>\n<li>300 East. Joppa Road, Suite 312<br \/>\nTowson, MD 21286<\/li>\n<li><a href=\"https:\/\/imagemd.org\/\" target=\"_blank\" rel=\"noopener\">https:\/\/imagemd.org<\/a><\/li>\n<\/ul>\n\t\t\t\t\t<h3 id=\"fl-accordion--label-3\">Condado de Baltimore<\/h3>\n\t\t\t\t\t\t\t\t\t\t\t<button type=\"button\" id=\"fl-accordion--icon-3\" aria-expanded=\"false\" aria-controls=\"fl-accordion--panel-3\"><i>Expandir<\/i><\/button>\n\t\t\t\t\t<p><strong>Oficina local del MAP:<\/strong><\/p>\n<p>Departamento de la Tercera Edad del Condado de Baltimore<\/p>\n<ul>\n<li>(410) 887-2594<\/li>\n<li>611 Central Avenue, Towson, MD 21204<\/li>\n<li><a href=\"https:\/\/www.baltimorecountymd.gov\/departments\/aging\/\" target=\"_blank\" rel=\"noopener\">baltimorecountymd.gov\/departamentos\/envejecimiento\/<\/a><\/li>\n<\/ul>\n<p><strong>Centro para la Vida Independiente:<\/strong><\/p>\n<p>El Centro de Imagen de Maryland<\/p>\n<ul>\n<li>(410) 982-6311<\/li>\n<li>300 East. Joppa Road, Suite 312 Towson, MD 21286<\/li>\n<li><a href=\"https:\/\/imagemd.org\/\" target=\"_blank\" rel=\"noopener\">imagemd.org<\/a><\/li>\n<\/ul>\n\t\t\t\t\t<h3 id=\"fl-accordion--label-4\">Condado de Calvert<\/h3>\n\t\t\t\t\t\t\t\t\t\t\t<button type=\"button\" id=\"fl-accordion--icon-4\" aria-expanded=\"false\" aria-controls=\"fl-accordion--panel-4\"><i>Expandir<\/i><\/button>\n\t\t\t\t\t<p><strong>Oficina local del MAP:<\/strong><\/p>\n<p>Oficina para la Tercera Edad del Condado de Calvert<\/p>\n<ul>\n<li>410-535-4606<\/li>\n<li>450 West Dares Beach Rd., Prince Frederick, MD 20678<\/li>\n<li><a href=\"http:\/\/www.co.cal.md.us\/index.aspx?nid=113\" target=\"_blank\" rel=\"noopener\">http:\/\/www.co.cal.md.us\/index.aspx?nid=113<\/a><\/li>\n<\/ul>\n<p><strong>Centro para la Vida Independiente:<\/strong><\/p>\n<p>Centro para la Vida Independiente del Sur de Maryland<\/p>\n<ul>\n<li>301-884-4498<\/li>\n<li>38588 Brett Way, Suite 1, Mechanicsville, MD 20659<\/li>\n<li><a href=\"https:\/\/www.smcil.org\/\" target=\"_blank\" rel=\"noopener\">https:\/\/www.smcil.org<\/a><\/li>\n<\/ul>\n\t\t\t\t\t<h3 id=\"fl-accordion--label-5\">Condado de Caroline<\/h3>\n\t\t\t\t\t\t\t\t\t\t\t<button type=\"button\" id=\"fl-accordion--icon-5\" aria-expanded=\"false\" aria-controls=\"fl-accordion--panel-5\"><i>Expandir<\/i><\/button>\n\t\t\t\t\t<p><strong>Oficina local del MAP:<\/strong><\/p>\n<p>Upper Shore Aging, S.A.<\/p>\n<ul>\n<li>(410) 479-2535<\/li>\n<li>403 S. 7th St., Suite 127, Denton, MD 21629<\/li>\n<li><a href=\"http:\/\/www.uppershoreaging.org\/\" target=\"_blank\" rel=\"noopener\">uppershoreaging.org<\/a><\/li>\n<\/ul>\n<p><strong>Centro para la Vida Independiente:<\/strong><\/p>\n<p>Upper Shore Aging, S.A.<\/p>\n<ul>\n<li>(410) 822-2869<\/li>\n<li>400 Brookletts Ave, Easton, MD 21601<\/li>\n<li>uppershoreaging.org<\/li>\n<\/ul>\n\t\t\t\t\t<h3 id=\"fl-accordion--label-6\">Condado de Carroll<\/h3>\n\t\t\t\t\t\t\t\t\t\t\t<button type=\"button\" id=\"fl-accordion--icon-6\" aria-expanded=\"false\" aria-controls=\"fl-accordion--panel-6\"><i>Expandir<\/i><\/button>\n\t\t\t\t\t<p><strong>Oficina local del MAP:<\/strong><\/p>\n<p>Oficina de Envejecimiento y Discapacidades del Condado de Carroll<\/p>\n<ul>\n<li>(410) 386-3800<\/li>\n<li>125 Stoner Avenue, Westminster, MD 21157<\/li>\n<li><a href=\"https:\/\/www.carrollcountymd.gov\/aging-and-disabilities\" target=\"_blank\" rel=\"noopener\">www.carrollcountymd.gov\/aging-and-disabilities<\/a><\/li>\n<\/ul>\n<p><strong>Centro para la Vida Independiente:<\/strong><\/p>\n<p>El Centro de la Libertad<\/p>\n<ul>\n<li>(301) 846-7811<\/li>\n<li>550 Highland Street, Suite 510, Frederick, MD 21701<\/li>\n<li><a href=\"http:\/\/thefreedomcenter-md.org\/index.htm\" target=\"_blank\" rel=\"noopener\">thefreedomcenter-md.org\/index.htm<\/a><\/li>\n<\/ul>\n\t\t\t\t\t<h3 id=\"fl-accordion--label-7\">Condado de Cecil<\/h3>\n\t\t\t\t\t\t\t\t\t\t\t<button type=\"button\" id=\"fl-accordion--icon-7\" aria-expanded=\"false\" aria-controls=\"fl-accordion--panel-7\"><i>Expandir<\/i><\/button>\n\t\t\t\t\t<p><strong>Oficina local del MAP:<\/strong><\/p>\n<p>Departamento de Servicios Comunitarios del Condado de Cecil<\/p>\n<ul>\n<li>(410) 996-8173<\/li>\n<li>200 Chesapeake Blvd. Suite 1700, Elkton, MD 21921<\/li>\n<li>https:\/\/www.ccgov.org\/government\/community-services\/aging-and-disability-services<\/li>\n<\/ul>\n<p><strong>Centro para la Vida Independiente:<\/strong><\/p>\n<p>Centro para la Vida Independiente del \u00c1rea de la Bah\u00eda<\/p>\n<ul>\n<li>\n<ul>\n<li>(443) 260-0822<\/li>\n<li>31516 Winterplace Parkway, Salisbury, MD 21804<\/li>\n<li><a href=\"https:\/\/www.bayareacil.org\/\" target=\"_blank\" rel=\"noopener\">www.bayareacil.org<\/a><\/li>\n<\/ul>\n<\/li>\n<\/ul>\n\t\t\t\t\t<h3 id=\"fl-accordion--label-8\">Condado de Charles<\/h3>\n\t\t\t\t\t\t\t\t\t\t\t<button type=\"button\" id=\"fl-accordion--icon-8\" aria-expanded=\"false\" aria-controls=\"fl-accordion--panel-8\"><i>Expandir<\/i><\/button>\n\t\t\t\t\t<p><strong>Oficina local del MAP:<\/strong><\/p>\n<p>Agencia para la Tercera Edad del Condado de Charles, Divisi\u00f3n de Programas para la Tercera Edad y las Personas Mayores<\/p>\n<ul>\n<li>301-934-0103<\/li>\n<li>8190 Port Tobacco Road, Port Tobacco, MD 20677<\/li>\n<li><a href=\"https:\/\/www.charlescountymd.gov\/services\/aging-and-senior-services\" target=\"_blank\" rel=\"noopener\">charlescountymd.gov\/servicios\/servicios-para-personas-mayores-y-de-la-tercera-edad<\/a><\/li>\n<\/ul>\n<p><strong>Centro para la Vida Independiente:<\/strong><\/p>\n<p>Centro para la Vida Independiente del Sur de Maryland<\/p>\n<ul>\n<li>(301) 884-4498<\/li>\n<li>38588 Brett Way, Suite 1, Mechanicsville, MD 20659<\/li>\n<li><a href=\"https:\/\/www.smcil.org\/\" target=\"_blank\" rel=\"noopener\">smcil.org<\/a><\/li>\n<\/ul>\n\t\t\t\t\t<h3 id=\"fl-accordion--label-9\">Condado de Dorchester<\/h3>\n\t\t\t\t\t\t\t\t\t\t\t<button type=\"button\" id=\"fl-accordion--icon-9\" aria-expanded=\"false\" aria-controls=\"fl-accordion--panel-9\"><i>Expandir<\/i><\/button>\n\t\t\t\t\t<p><strong>Oficina local del MAP y Centro para la Vida Independiente:<\/strong><\/p>\n<p>MAC Inc.<\/p>\n<ul>\n<li>(410) 742-0505, extensi\u00f3n 109<\/li>\n<li>909 Progress Circle, Salisbury, MD 21804<\/li>\n<li><a href=\"https:\/\/macinc.org\/\" target=\"_blank\" rel=\"noopener\">macinc.org<\/a><\/li>\n<\/ul>\n\t\t\t\t\t<h3 id=\"fl-accordion--label-10\">Condado de Frederick<\/h3>\n\t\t\t\t\t\t\t\t\t\t\t<button type=\"button\" id=\"fl-accordion--icon-10\" aria-expanded=\"false\" aria-controls=\"fl-accordion--panel-10\"><i>Expandir<\/i><\/button>\n\t\t\t\t\t<p><strong>Oficina local del MAP:<\/strong><\/p>\n<p>Departamento de la Tercera Edad del Condado de Frederick<\/p>\n<ul>\n<li>(301) 600-1234<\/li>\n<li>1440 Taney Avenue, Frederick, MD 21702<\/li>\n<li><a href=\"https:\/\/frederickcountymd.gov\/54\/Department-of-Aging\" target=\"_blank\" rel=\"noopener\">frederickcountymd.gov\/54\/Departamento-de-Envejecimiento<\/a><\/li>\n<\/ul>\n<p><strong>Centro para la Vida Independiente:<\/strong><\/p>\n<p>El Centro de la Libertad<\/p>\n<ul>\n<li>(301) 846-7811<\/li>\n<li>1890 North Market Street, Suite 203, Frederick, MD 21701<\/li>\n<li><a href=\"https:\/\/thefreedomcenter-md.org\/\" target=\"_blank\" rel=\"noopener\">thefreedomcenter-md.org\/<\/a><\/li>\n<\/ul>\n\t\t\t\t\t<h3 id=\"fl-accordion--label-11\">Condado de Garrett<\/h3>\n\t\t\t\t\t\t\t\t\t\t\t<button type=\"button\" id=\"fl-accordion--icon-11\" aria-expanded=\"false\" aria-controls=\"fl-accordion--panel-11\"><i>Expandir<\/i><\/button>\n\t\t\t\t\t<p><strong>Oficina local del MAP:<\/strong><\/p>\n<p>Comit\u00e9 de Acci\u00f3n Comunitaria del Condado de Garrett<\/p>\n<ul>\n<li>(301) 334-9431<\/li>\n<li>104 East Center Street, Oakland, MD 21550<\/li>\n<li><a href=\"https:\/\/garrettcac.org\/senior-services\/\" target=\"_blank\" rel=\"noopener\">garrettcac.org\/servicios-para-personas-mayores\/<\/a><\/li>\n<\/ul>\n<p><strong>Centro para la Vida Independiente:<\/strong><\/p>\n<p>Recursos para la independencia<\/p>\n<ul>\n<li>(301) 784-1774, extensi\u00f3n 101<\/li>\n<li>735 East Oldtown Road Cumberland, MD 21502<\/li>\n<li><a href=\"https:\/\/rficil.org\/\" target=\"_blank\" rel=\"noopener\">rficil.org<\/a><\/li>\n<\/ul>\n\t\t\t\t\t<h3 id=\"fl-accordion--label-12\">Condado de Harford<\/h3>\n\t\t\t\t\t\t\t\t\t\t\t<button type=\"button\" id=\"fl-accordion--icon-12\" aria-expanded=\"false\" aria-controls=\"fl-accordion--panel-12\"><i>Expandir<\/i><\/button>\n\t\t\t\t\t<p><strong>Oficina local del MAP:<\/strong><\/p>\n<p>Oficina para la Tercera Edad del Condado de Harford<\/p>\n<ul>\n<li>(410) 638-3000<\/li>\n<li>220 S. Calle Principal<br \/>\nBel Air, MD 21014<\/li>\n<li><a href=\"http:\/\/www.harfordcountymd.gov\/651\/Office-on-Aging\" target=\"_blank\" rel=\"noopener\">harfordcountymd.gov\/651\/Oficina-para-las-Personas-Mayores<\/a><\/li>\n<\/ul>\n<p><strong>Centro para la Vida Independiente:<\/strong><\/p>\n<p>El Centro de Imagen de Maryland<\/p>\n<ul>\n<li>(410) 982-6311<\/li>\n<li>300 East. Joppa Road, Suite 312, Towson, MD 21286<\/li>\n<li><a href=\"https:\/\/imagemd.org\/\" target=\"_blank\" rel=\"noopener\">imagemd.org<\/a><\/li>\n<\/ul>\n\t\t\t\t\t<h3 id=\"fl-accordion--label-13\">Condado de Howard<\/h3>\n\t\t\t\t\t\t\t\t\t\t\t<button type=\"button\" id=\"fl-accordion--icon-13\" aria-expanded=\"false\" aria-controls=\"fl-accordion--panel-13\"><i>Expandir<\/i><\/button>\n\t\t\t\t\t<p><strong>Oficina local del MAP:<\/strong><\/p>\n<p>Oficina para la Tercera Edad y la Independencia del Condado de Howard<\/p>\n<ul>\n<li>(410) 313-1234<\/li>\n<li>9830 Patuxent Woods Drive Columbia, MD 21046<\/li>\n<li><a href=\"https:\/\/www.howardcountymd.gov\/Departments\/Community-Resources-and-Services\/Office-on-Aging-and-Independence\" target=\"_blank\" rel=\"noopener\">howardcountymd.gov\/Departamentos\/Recursos y servicios comunitarios\/Oficina para la Tercera Edad y la Independencia<\/a><\/li>\n<\/ul>\n<p><strong>Centro para la Vida Independiente:<\/strong><\/p>\n<p>Recursos accesibles para la independencia<\/p>\n<ul>\n<li>(410) 636-2274<\/li>\n<li>1406-B Crain Hwy S #206, Glen Burnie, MD 21061<\/li>\n<li><a href=\"https:\/\/arinow.org\/\" target=\"_blank\" rel=\"noopener\">arinow.org<\/a><\/li>\n<\/ul>\n\t\t\t\t\t<h3 id=\"fl-accordion--label-14\">Condado de Kent<\/h3>\n\t\t\t\t\t\t\t\t\t\t\t<button type=\"button\" id=\"fl-accordion--icon-14\" aria-expanded=\"false\" aria-controls=\"fl-accordion--panel-14\"><i>Expandir<\/i><\/button>\n\t\t\t\t\t<p><strong>Oficina local del MAP:<\/strong><\/p>\n<p>Upper Shore Aging, S.A.<\/p>\n<ul>\n<li>(410) 778-2564<\/li>\n<li>200 Schauber Rd, Chestertown, MD 21620<\/li>\n<li><a href=\"http:\/\/www.uppershoreaging.org\/\" target=\"_blank\" rel=\"noopener\">uppershoreaging.org<\/a><\/li>\n<\/ul>\n<p><strong>Centro para la Vida Independiente:<\/strong><\/p>\n<p>Upper Shore Aging, S.A.<\/p>\n<ul>\n<li>(410) 822-2869<\/li>\n<li>400 Brookletts Ave, Easton, MD 21601<\/li>\n<li>uppershoreaging.org<\/li>\n<\/ul>\n\t\t\t\t\t<h3 id=\"fl-accordion--label-15\">Condado de Montgomery<\/h3>\n\t\t\t\t\t\t\t\t\t\t\t<button type=\"button\" id=\"fl-accordion--icon-15\" aria-expanded=\"false\" aria-controls=\"fl-accordion--panel-15\"><i>Expandir<\/i><\/button>\n\t\t\t\t\t<p><strong>Oficina local del MAP:<\/strong><\/p>\n<p>Divisi\u00f3n de Servicios para Personas Mayores y con Discapacidad del Condado de Montgomery<\/p>\n<ul>\n<li>(240) 777-3000<\/li>\n<li>401 Hungerford Drive, 3.\u00ba piso, Rockville, MD 20850<\/li>\n<li><a href=\"https:\/\/www.montgomerycountymd.gov\/hhs\/programindex\/seniorservicesindex.html\" target=\"_blank\" rel=\"noopener\">montgomerycountymd.gov\/hhs\/programindex\/seniorservicesindex.html<\/a><\/li>\n<\/ul>\n<p><strong>Centro para la Vida Independiente:<\/strong><\/p>\n<p>Independencia Ahora, S.A.<\/p>\n<ul>\n<li>(301) 277-2839<\/li>\n<li>12301 Old Columbia Pike, Suite 101, Silver Spring, MD 20904<\/li>\n<li><a href=\"https:\/\/www.innow.org\/\" target=\"_blank\" rel=\"noopener\">innow.org<\/a><\/li>\n<\/ul>\n\t\t\t\t\t<h3 id=\"fl-accordion--label-16\">Condado de Prince George<\/h3>\n\t\t\t\t\t\t\t\t\t\t\t<button type=\"button\" id=\"fl-accordion--icon-16\" aria-expanded=\"false\" aria-controls=\"fl-accordion--panel-16\"><i>Expandir<\/i><\/button>\n\t\t\t\t\t<p><strong>Oficina local del MAP:<\/strong><\/p>\n<p>Departamento de Servicios Familiares del Condado de Prince George, Divisi\u00f3n de Servicios para Personas Mayores<\/p>\n<ul>\n<li>(301) 265-8450<\/li>\n<li>9187 Central Ave, Capitol Heights, MD 20743<\/li>\n<li><a href=\"http:\/\/www.princegeorgescountymd.gov\/2147\/Department-of-Aging\" target=\"_blank\" rel=\"noopener\">princegeorgescountymd.gov\/2147\/Departamento-de-Envejecimiento<\/a><\/li>\n<\/ul>\n<p><strong>Centro para la Vida Independiente:<\/strong><\/p>\n<p>Independencia Ahora, S.A.<\/p>\n<ul>\n<li>(301) 277-2839<\/li>\n<li>12301 Old Columbia Pike, Suite 101, Silver Spring, MD 20904<\/li>\n<li><a href=\"https:\/\/www.innow.org\/\" target=\"_blank\" rel=\"noopener\">innow.org<\/a><\/li>\n<\/ul>\n\t\t\t\t\t<h3 id=\"fl-accordion--label-17\">Condado de Queen Anne<\/h3>\n\t\t\t\t\t\t\t\t\t\t\t<button type=\"button\" id=\"fl-accordion--icon-17\" aria-expanded=\"false\" aria-controls=\"fl-accordion--panel-17\"><i>Expandir<\/i><\/button>\n<p><strong>Oficina local del MAP:<\/strong><\/p>\n<p>Departamento de Servicios Comunitarios del Condado de Queen Anne<\/p>\n<ul>\n<li>(410) 758-0848<\/li>\n<li>104 Powell Street, Centreville, MD 21617<\/li>\n<li><a href=\"http:\/\/www.qac.org\/155\/Area-Agency-on-Aging-Senior-Centers\" target=\"_blank\" rel=\"noopener\">qac.org\/155\/Agencia del \u00c1rea para la Tercera Edad - Centros para personas mayores<\/a><\/li>\n<\/ul>\n<p><strong>Centro para la Vida Independiente:<\/strong><\/p>\n<p>CIL del \u00c1rea de la Bah\u00eda<\/p>\n<ul>\n<li>(443) 260-0822<\/li>\n<li>31516 Winterplace Parkway, Salisbury, MD 21804<\/li>\n<li><a href=\"http:\/\/bayareacil.org\/\" target=\"_blank\" rel=\"noopener\">bayareacil.org<\/a><\/li>\n<\/ul>\n\t\t\t\t\t<h3 id=\"fl-accordion--label-18\">Condado de Saint Mary<\/h3>\n\t\t\t\t\t\t\t\t\t\t\t<button type=\"button\" id=\"fl-accordion--icon-18\" aria-expanded=\"false\" aria-controls=\"fl-accordion--panel-18\"><i>Expandir<\/i><\/button>\n<p><strong>Oficina local del MAP:<\/strong><\/p>\n<p>Departamento de la Tercera Edad de St. Mary\u2019s<\/p>\n<ul>\n<li>(301) 475-4200, extensi\u00f3n 1057<\/li>\n<li>23115 Leonard Hall Dr, Leonardtown, MD 20650<\/li>\n<li><a href=\"http:\/\/www.stmarysmd.com\/aging\/\" target=\"_blank\" rel=\"noopener\">stmarysmd.com\/envejecimiento\/<\/a><\/li>\n<\/ul>\n<p><strong>Centro para la Vida Independiente:<\/strong><\/p>\n<p>Centro para la Vida Independiente del Sur de Maryland<\/p>\n<ul>\n<li>(301) 884-4498<\/li>\n<li>38588 Brett Way, Suite 1, Mechanicsville, MD 20659<\/li>\n<li><a href=\"https:\/\/www.smcil.org\/\" target=\"_blank\" rel=\"noopener\">smcil.org<\/a><\/li>\n<\/ul>\n\t\t\t\t\t<h3 id=\"fl-accordion--label-19\">Condado de Somerset<\/h3>\n\t\t\t\t\t\t\t\t\t\t\t<button type=\"button\" id=\"fl-accordion--icon-19\" aria-expanded=\"false\" aria-controls=\"fl-accordion--panel-19\"><i>Expandir<\/i><\/button>\n\t\t\t\t\t<p><strong>Oficina local del MAP y Centro para la Vida Independiente:<\/strong><\/p>\n<p>MAC Inc.<\/p>\n<ul>\n<li>(410) 742-0505, extensi\u00f3n 109<\/li>\n<li>909 Progress Circle, Salisbury, MD 21804<\/li>\n<li><a href=\"https:\/\/macinc.org\/\" target=\"_blank\" rel=\"noopener\">macinc.org<\/a><\/li>\n<\/ul>\n\t\t\t\t\t<h3 id=\"fl-accordion--label-20\">Condado de Talbot<\/h3>\n\t\t\t\t\t\t\t\t\t\t\t<button type=\"button\" id=\"fl-accordion--icon-20\" aria-expanded=\"false\" aria-controls=\"fl-accordion--panel-20\"><i>Expandir<\/i><\/button>\n\t\t\t\t\t<p><strong>Oficina local del MAP y Centro para la Vida Independiente<\/strong><\/p>\n<p>Upper Shore Aging, S.A.<\/p>\n<ul>\n<li>(410) 822-2869<\/li>\n<li>400 Brookletts Ave, Easton, MD 21601<\/li>\n<li><a href=\"http:\/\/www.uppershoreaging.org\/\" target=\"_blank\" rel=\"noopener\">uppershoreaging.org<\/a><\/li>\n<\/ul>\n\t\t\t\t\t<h3 id=\"fl-accordion--label-21\">Condado de Washington<\/h3>\n\t\t\t\t\t\t\t\t\t\t\t<button type=\"button\" id=\"fl-accordion--icon-21\" aria-expanded=\"false\" aria-controls=\"fl-accordion--panel-21\"><i>Expandir<\/i><\/button>\n\t\t\t\t\t<p><strong>Oficina local del MAP:<\/strong><\/p>\n<p>Comisi\u00f3n sobre el Envejecimiento del Condado de Washington, Inc.<\/p>\n<ul>\n<li>(301) 790-0275<\/li>\n<li>535 E Franklin St, Hagerstown, MD 21740<\/li>\n<li><a href=\"http:\/\/www.wccoaging.org\/\" target=\"_blank\" rel=\"noopener\">wccoaging.org<\/a><\/li>\n<\/ul>\n<p><strong>Centro para la Vida Independiente:<\/strong><\/p>\n<p>Recursos para la independencia<\/p>\n<ul>\n<li>(301) 784-1774, extensi\u00f3n 101<\/li>\n<li>735 East Oldtown Road Cumberland, MD 21502<\/li>\n<li><a href=\"https:\/\/rficil.org\/\" target=\"_blank\" rel=\"noopener\">rficil.org<\/a><\/li>\n<\/ul>\n\t\t\t\t\t<h3 id=\"fl-accordion--label-22\">Condado de Wicomico<\/h3>\n\t\t\t\t\t\t\t\t\t\t\t<button type=\"button\" id=\"fl-accordion--icon-22\" aria-expanded=\"false\" aria-controls=\"fl-accordion--panel-22\"><i>Expandir<\/i><\/button>\n\t\t\t\t\t<p><strong>Oficina local del MAP y Centro para la Vida Independiente:<\/strong><\/p>\n<p>MAC Inc.<\/p>\n<ul>\n<li>(410) 742-0505, extensi\u00f3n 109<\/li>\n<li>909 Progress Circle, Salisbury, MD 21804<\/li>\n<li><a href=\"https:\/\/macinc.org\/\" target=\"_blank\" rel=\"noopener\">macinc.org<\/a><\/li>\n<\/ul>\n\t\t\t\t\t<h3 id=\"fl-accordion--label-23\">Condado de Worcester<\/h3>\n\t\t\t\t\t\t\t\t\t\t\t<button type=\"button\" id=\"fl-accordion--icon-23\" aria-expanded=\"false\" aria-controls=\"fl-accordion--panel-23\"><i>Expandir<\/i><\/button>\n\t\t\t\t\t<p><strong>Oficina local del MAP:<\/strong><\/p>\n<p>Departamento de Salud del Condado de Worcester<\/p>\n<ul>\n<li>(410) 632-9915<\/li>\n<li>4767 Snow Hill Road, Snow Hill, MD 21863<\/li>\n<li><a href=\"https:\/\/worcoa.org\/contact-us\/\" target=\"_blank\" rel=\"noopener\">worcoa.org\/contacto\/<\/a><\/li>\n<\/ul>\n<p><strong>Centro para la Vida Independiente:<\/strong><\/p>\n<p>CIL del \u00c1rea de la Bah\u00eda<\/p>\n<ul>\n<li>(443) 260-0822<\/li>\n<li>31516 Winterplace Parkway, Salisbury, MD 21804<\/li>\n<li><a href=\"http:\/\/bayareacil.org\/\" target=\"_blank\" rel=\"noopener\">bayareacil.org<\/a><\/li>\n<\/ul>\n<figure itemscope itemtype=\"https:\/\/schema.org\/ImageObject\">\n\t\t\t\t<img decoding=\"async\" src=\"https:\/\/marylandaccesspoint.211md.org\/wp-content\/uploads\/2025\/04\/Untitled-design-6-1-1024x576.jpg\" alt=\"Connect with a MAP Counselor\" height=\"576\" width=\"1024\" title=\"Consejero\" onerror=\"this.style.display='none'\" loading=\"lazy\" \/>\n\t<\/figure>\n\t<h3>Asesoramiento sobre opciones<\/h3>\nMAP tambi\u00e9n ofrece asesoramiento sobre opciones, un servicio a trav\u00e9s del cual todas las personas y sus cuidadores pueden planificar y tomar decisiones informadas sobre sus cuidados a largo plazo. Los asesores profesionales y capacitados ayudan a las personas a encontrar los servicios que se ajustan a sus necesidades, preferencias y valores en su comunidad, desarrollando un plan de acci\u00f3n personalizado, conect\u00e1ndolos con los recursos, deriv\u00e1ndolos a las agencias adecuadas y planificando sus necesidades actuales y\/o futuras.\n\t<p><strong>Llame a la l\u00ednea de ayuda de MAP<\/strong><\/p>\n<p><a href=\"tel:1-844-627-5465\" target=\"_blank\" rel=\"noopener\">1-844-MAP-LINK (1-844-627-5465)<\/a><\/p>\n\t<p><strong>Buscar servicios<\/strong><\/p>\n<p><a href=\"https:\/\/search.marylandaccesspoint.211md.org\/\">search.marylandaccesspoint.211md.org<\/a><\/p>\n\t<p><strong>Prep\u00e1rese para la asesor\u00eda sobre opciones<\/strong><\/p>\n<p><a href=\"https:\/\/marylandaccesspoint.211md.org\/es\/prepare\/\">marylandaccesspoint.211md.org\/prepare<\/a><\/p>","protected":false},"excerpt":{"rendered":"<p>P\u00f3ngase en contacto con un asesor Los asesores locales de MAP ofrecen asesoramiento gratuito y centrado en la persona, derivaciones y asistencia para ayudar a las personas mayores, a las personas con discapacidades y a sus cuidadores a encontrar programas a los que puedan tener derecho y a solicitar servicios que les ayuden a seguir viviendo con seguridad en sus hogares y comunidades. Encuentre su oficina local de MAP P\u00f3ngase en contacto con su oficina local de MAP\u2026<\/p>","protected":false},"author":13,"featured_media":0,"parent":0,"menu_order":0,"comment_status":"closed","ping_status":"closed","template":"","meta":{"footnotes":""},"class_list":["post-3705","page","type-page","status-publish","hentry"],"_links":{"self":[{"href":"https:\/\/marylandaccesspoint.211md.org\/es\/wp-json\/wp\/v2\/pages\/3705","targetHints":{"allow":["GET"]}}],"collection":[{"href":"https:\/\/marylandaccesspoint.211md.org\/es\/wp-json\/wp\/v2\/pages"}],"about":[{"href":"https:\/\/marylandaccesspoint.211md.org\/es\/wp-json\/wp\/v2\/types\/page"}],"author":[{"embeddable":true,"href":"https:\/\/marylandaccesspoint.211md.org\/es\/wp-json\/wp\/v2\/users\/13"}],"replies":[{"embeddable":true,"href":"https:\/\/marylandaccesspoint.211md.org\/es\/wp-json\/wp\/v2\/comments?post=3705"}],"version-history":[{"count":12,"href":"https:\/\/marylandaccesspoint.211md.org\/es\/wp-json\/wp\/v2\/pages\/3705\/revisions"}],"predecessor-version":[{"id":4406,"href":"https:\/\/marylandaccesspoint.211md.org\/es\/wp-json\/wp\/v2\/pages\/3705\/revisions\/4406"}],"wp:attachment":[{"href":"https:\/\/marylandaccesspoint.211md.org\/es\/wp-json\/wp\/v2\/media?parent=3705"}],"curies":[{"name":"wp","href":"https:\/\/api.w.org\/{rel}","templated":true}]}}