{"id":3711,"date":"2025-04-16T17:10:52","date_gmt":"2025-04-16T17:10:52","guid":{"rendered":"https:\/\/marylandaccesspoint.211md.org\/?page_id=3711"},"modified":"2025-12-18T22:06:27","modified_gmt":"2025-12-18T22:06:27","slug":"assistedliving","status":"publish","type":"page","link":"https:\/\/marylandaccesspoint.211md.org\/es\/assistedliving\/","title":{"rendered":"Vida asistida"},"content":{"rendered":"<h1>Vida asistida<\/h1>\n\t\t<p>La vida asistida es un programa residencial para personas que necesitan ayuda con una o m\u00e1s actividades de la vida diaria. Le ofrece alojamiento y servicios de apoyo, para que pueda permanecer en un entorno similar al de su hogar sin dejar de mantener su independencia y dignidad. La vida asistida no est\u00e1 cubierta por Medicare. Los costos suelen estar cubiertos por fondos privados, seguros de cuidados a largo plazo, opciones comunitarias, exenciones de Medicaid o prestaciones para veteranos.<\/p>\n\t\t\t<a href=\"#start\"  target=\"_self\">\n\t\t\t\t\t\t\tM\u00e1s informaci\u00f3n\n\t\t\t\t\t<\/a>\n\t\t<h2>Encuentre su comunidad de vida asistida<\/h2>\n\t\t<p>El recurso de informes de calidad de la Comisi\u00f3n de Atenci\u00f3n M\u00e9dica de Maryland puede ayudarte a encontrar residencias asistidas filtradas por ubicaci\u00f3n, capacidad, tarifas, informes de inspecci\u00f3n, caracter\u00edsticas de los pacientes y servicios disponibles.<\/p>\n\t\t\t<a href=\"https:\/\/healthcarequality.mhcc.maryland.gov\/AssistedLiving\/Suggestion\" target=\"_self\" rel=\"noopener\">\n\t\t\t\t\t\t\tM\u00e1s informaci\u00f3n\n\t\t\t<\/a>\n\t\t<h2>Programa de subsidios para la asistencia a personas mayores<\/h2>\n\t\t<p>El Programa de Subsidios para Residencias Asistidas para Personas Mayores ayuda a los adultos de 62 a\u00f1os o m\u00e1s con ingresos bajos o moderados a pagar los programas de residencias asistidas que, de otro modo, no podr\u00edan costearse. El subsidio puede cubrir el costo de los servicios prestados en las residencias asistidas, incluyendo comidas, cuidados personales y supervisi\u00f3n las 24 horas del d\u00eda para los residentes que necesitan ayuda para vivir de forma independiente.<\/p>\n\t\t\t<a href=\"https:\/\/aging.maryland.gov\/Pages\/Senior-Assisted-Living-Subsidy-Program.aspx\" target=\"_self\" rel=\"noopener\">\n\t\t\t\t\t\t\tM\u00e1s informaci\u00f3n\n\t\t\t<\/a>\n\t\t<h2>Inicio del proyecto<\/h2>\n\t\t<p>Project Home, tambi\u00e9n conocido como C.A.R.E. (Certified Adult Residential Environment, Entorno Residencial Certificado para Adultos), es un programa de vivienda con apoyo para personas con enfermedades mentales u otras discapacidades que necesitan un modelo de cuidado similar al de una familia de acogida para adultos, que les proporcione un entorno de vida estable y familiar en la comunidad.<\/p>\n\t\t\t<a href=\"https:\/\/dhs.maryland.gov\/office-of-adult-services\/project-home\/\" target=\"_self\" rel=\"noopener\">\n\t\t\t\t\t\t\tM\u00e1s informaci\u00f3n\n\t\t\t<\/a>\n<figure data-animation-delay=\"0\" data-animation-duration=\"1\" itemscope itemtype=\"https:\/\/schema.org\/ImageObject\">\n\t\t\t\t<a href=\"https:\/\/marylandaccesspoint.211md.org\/es\/connect\/\" target=\"_self\" itemprop=\"url\">\n\t\t\t\t<img decoding=\"async\" src=\"https:\/\/marylandaccesspoint.211md.org\/wp-content\/uploads\/2025\/06\/Untitled-design-21-scaled.jpg\" alt=\"Woman helping elderly woman with walker\" height=\"2560\" width=\"2560\" title=\"Hogar de ancianos\" onerror=\"this.style.display='none'\" loading=\"lazy\" \/>\n\t\t\t\t<\/a>\n\t<\/figure>\n\t<h3>Otros recursos<\/h3>\n<p>P\u00f3ngase en contacto con MAP para obtener m\u00e1s informaci\u00f3n sobre las ayudas a las que puede tener derecho.<\/p>\n<ul>\n<li><a href=\"https:\/\/healthcarequality.mhcc.maryland.gov\/NursingHome\/Suggestion\" target=\"_blank\" rel=\"noopener\">Hogares de ancianos<\/a>\u00a0Ofrecemos asistencia las 24 horas del d\u00eda a personas con necesidades m\u00e9dicas m\u00e1s complejas que no pueden vivir de forma independiente.<\/li>\n<li><a href=\"https:\/\/healthcarequality.mhcc.maryland.gov\/LTCPlanningToolkit\" target=\"_blank\" rel=\"noopener\">Recursos para cuidados a largo plazo<\/a> puede ayudar a evaluar las opciones de apoyo, calcular los costos y prepararse para el futuro.<\/li>\n<li><a href=\"https:\/\/aging.maryland.gov\/Pages\/congregate-housing.aspx\" target=\"_blank\" rel=\"noopener\">Vivienda comunitaria<\/a> ofrece apartamentos con servicios de apoyo que ayudan a las personas mayores que re\u00fanen los requisitos y necesitan cierta atenci\u00f3n in situ a vivir de la forma m\u00e1s independiente posible.<\/li>\n<li><a href=\"https:\/\/search.marylandaccesspoint.211md.org\/search?query=NS-1800.9000&amp;query_label=Veteran+Compensation+and+Pension+Benefits&amp;query_type=taxonomy&amp;query_language=en\">Programas de vivienda para veteranos<\/a> proporcionar una serie de apoyos a quienes han prestado servicio.<\/li>\n<\/ul>","protected":false},"excerpt":{"rendered":"<p>Vida asistida La vida asistida es un programa residencial para personas que necesitan ayuda con una o m\u00e1s actividades de la vida diaria. Le ofrece alojamiento y servicios de apoyo, para que pueda permanecer en un entorno similar al de su hogar sin perder su independencia ni su dignidad. La vida asistida no est\u00e1 cubierta por Medicare. Los costos suelen estar cubiertos\u2026<\/p>","protected":false},"author":13,"featured_media":0,"parent":0,"menu_order":0,"comment_status":"closed","ping_status":"closed","template":"","meta":{"footnotes":""},"class_list":["post-3711","page","type-page","status-publish","hentry"],"_links":{"self":[{"href":"https:\/\/marylandaccesspoint.211md.org\/es\/wp-json\/wp\/v2\/pages\/3711","targetHints":{"allow":["GET"]}}],"collection":[{"href":"https:\/\/marylandaccesspoint.211md.org\/es\/wp-json\/wp\/v2\/pages"}],"about":[{"href":"https:\/\/marylandaccesspoint.211md.org\/es\/wp-json\/wp\/v2\/types\/page"}],"author":[{"embeddable":true,"href":"https:\/\/marylandaccesspoint.211md.org\/es\/wp-json\/wp\/v2\/users\/13"}],"replies":[{"embeddable":true,"href":"https:\/\/marylandaccesspoint.211md.org\/es\/wp-json\/wp\/v2\/comments?post=3711"}],"version-history":[{"count":2,"href":"https:\/\/marylandaccesspoint.211md.org\/es\/wp-json\/wp\/v2\/pages\/3711\/revisions"}],"predecessor-version":[{"id":4223,"href":"https:\/\/marylandaccesspoint.211md.org\/es\/wp-json\/wp\/v2\/pages\/3711\/revisions\/4223"}],"wp:attachment":[{"href":"https:\/\/marylandaccesspoint.211md.org\/es\/wp-json\/wp\/v2\/media?parent=3711"}],"curies":[{"name":"wp","href":"https:\/\/api.w.org\/{rel}","templated":true}]}}