{"id":3720,"date":"2025-04-22T18:08:53","date_gmt":"2025-04-22T18:08:53","guid":{"rendered":"https:\/\/marylandaccesspoint.211md.org\/?page_id=3720"},"modified":"2026-03-31T23:39:31","modified_gmt":"2026-03-31T23:39:31","slug":"connect","status":"publish","type":"page","link":"https:\/\/marylandaccesspoint.211md.org\/es\/connect\/","title":{"rendered":"Conectarse"},"content":{"rendered":"<h1>Con\u00e9ctese con MAP<\/h1>\n\t\t<p>Navegar por los complejos sistemas de programas, servicios y prestaciones de los gobiernos y las organizaciones puede resultar dif\u00edcil. Su oficina local de MAP puede ayudarle. Los especialistas de MAP trabajan con personas mayores, personas con discapacidades, cuidadores y proveedores para ayudarles a acceder a recursos p\u00fablicos y privados para servicios y apoyos a largo plazo.<\/p>\n\t\t\t<a href=\"\/es\/services\/\"  target=\"_self\">\n\t\t\t\t\t\t\tExplorar servicios\n\t\t\t\t\t<\/a>\n<figure itemscope itemtype=\"https:\/\/schema.org\/ImageObject\">\n\t\t\t\t<a href=\"\/es\/needsassessment\/\"  target=\"_self\" itemprop=\"url\">\n\t\t\t\t<img decoding=\"async\" src=\"https:\/\/marylandaccesspoint.211md.org\/wp-content\/uploads\/2025\/04\/Untitled-design-8-scaled.jpg\" alt=\"Older woman typing on keyboard\" height=\"1440\" width=\"2560\" title=\"Eval\u00faa tus necesidades\" onerror=\"this.style.display='none'\" loading=\"lazy\" \/>\n\t\t\t\t<\/a>\n\t\t\t\t\t\t<figcaption>Eval\u00faa tus necesidades<\/figcaption>\n\t<\/figure>\n<h2>\n\t\t<a href=\"https:\/\/marylandaccesspoint.211md.org\/es\/needsassessment\/\" title=\"Eval\u00faa tus necesidades\"  target=\"_self\">\n\t\t\tEval\u00faa tus necesidades\t\t<\/a>\n\t<\/h2>\n<figure itemscope itemtype=\"https:\/\/schema.org\/ImageObject\">\n\t\t\t\t<a href=\"\/es\/counselor\/\"  target=\"_self\" itemprop=\"url\">\n\t\t\t\t<img decoding=\"async\" src=\"https:\/\/marylandaccesspoint.211md.org\/wp-content\/uploads\/2025\/04\/Untitled-design-1-1.jpg\" alt=\"Receptionist talking on the phone\" height=\"1080\" width=\"1920\" title=\"Dise\u00f1o sin t\u00edtulo (1)\" onerror=\"this.style.display='none'\" loading=\"lazy\" \/>\n\t\t\t\t<\/a>\n\t\t\t\t\t\t<figcaption>Con\u00e9ctese con un asesor<\/figcaption>\n\t<\/figure>\n<h2>\n\t\t<a href=\"https:\/\/marylandaccesspoint.211md.org\/es\/counselor\/\" title=\"Con\u00e9ctese con un asesor\"  target=\"_self\">\n\t\t\tCon\u00e9ctese con un asesor\t\t<\/a>\n\t<\/h2>\n<figure itemscope itemtype=\"https:\/\/schema.org\/ImageObject\">\n\t\t\t\t<a href=\"\/es\/prepare\/\"  target=\"_self\" itemprop=\"url\">\n\t\t\t\t<img decoding=\"async\" src=\"https:\/\/marylandaccesspoint.211md.org\/wp-content\/uploads\/2025\/04\/Untitled-design-7-1-scaled.jpg\" alt=\"Write notes down in a journal\" height=\"1440\" width=\"2560\" title=\"Prep\u00e1rese para una sesi\u00f3n de asesoramiento\" onerror=\"this.style.display='none'\" loading=\"lazy\" \/>\n\t\t\t\t<\/a>\n\t\t\t\t\t\t<figcaption>Prep\u00e1rese para la asesor\u00eda<\/figcaption>\n\t<\/figure>\n<h2>\n\t\t<a href=\"https:\/\/marylandaccesspoint.211md.org\/es\/prepare\/\" title=\"Prep\u00e1rese para la asesor\u00eda\"  target=\"_self\">\n\t\t\tPrep\u00e1rese para la asesor\u00eda\t\t<\/a>\n\t<\/h2>\n<figure itemscope itemtype=\"https:\/\/schema.org\/ImageObject\">\n\t\t\t\t<a href=\"\/es\/providers\/\"  target=\"_self\" itemprop=\"url\">\n\t\t\t\t<img decoding=\"async\" src=\"https:\/\/marylandaccesspoint.211md.org\/wp-content\/uploads\/2021\/04\/Eldely-Woman-with-Caretaker.png\" alt=\"An elderly woman with a caretaker behind her\" height=\"355\" width=\"509\" title=\"Mujer mayor con cuidadora\" onerror=\"this.style.display='none'\" loading=\"lazy\" \/>\n\t\t\t\t<\/a>\n\t\t\t\t\t\t<figcaption>Para proveedores de servicios<\/figcaption>\n\t<\/figure>\n<h2>\n\t\t<a href=\"https:\/\/marylandaccesspoint.211md.org\/es\/providers\/\" title=\"Para proveedores de servicios\"  target=\"_self\">\n\t\t\tPara proveedores de servicios\t\t<\/a>\n\t<\/h2>","protected":false},"excerpt":{"rendered":"<p>Con\u00e9ctate con MAP Navegar por sistemas complejos de programas, servicios y beneficios en gobiernos y organizaciones puede ser dif\u00edcil. Tu oficina local de MAP puede ayudarte. Los especialistas de MAP trabajan con adultos mayores, personas con discapacidades, cuidadores y proveedores para ayudarles a acceder a recursos privados y p\u00fablicos para servicios y apoyos a largo plazo. Explorar servicios Eval\u00faa tus necesidades Eval\u00faa\u2026<\/p>","protected":false},"author":13,"featured_media":0,"parent":0,"menu_order":0,"comment_status":"closed","ping_status":"closed","template":"","meta":{"footnotes":""},"class_list":["post-3720","page","type-page","status-publish","hentry"],"_links":{"self":[{"href":"https:\/\/marylandaccesspoint.211md.org\/es\/wp-json\/wp\/v2\/pages\/3720","targetHints":{"allow":["GET"]}}],"collection":[{"href":"https:\/\/marylandaccesspoint.211md.org\/es\/wp-json\/wp\/v2\/pages"}],"about":[{"href":"https:\/\/marylandaccesspoint.211md.org\/es\/wp-json\/wp\/v2\/types\/page"}],"author":[{"embeddable":true,"href":"https:\/\/marylandaccesspoint.211md.org\/es\/wp-json\/wp\/v2\/users\/13"}],"replies":[{"embeddable":true,"href":"https:\/\/marylandaccesspoint.211md.org\/es\/wp-json\/wp\/v2\/comments?post=3720"}],"version-history":[{"count":9,"href":"https:\/\/marylandaccesspoint.211md.org\/es\/wp-json\/wp\/v2\/pages\/3720\/revisions"}],"predecessor-version":[{"id":4379,"href":"https:\/\/marylandaccesspoint.211md.org\/es\/wp-json\/wp\/v2\/pages\/3720\/revisions\/4379"}],"wp:attachment":[{"href":"https:\/\/marylandaccesspoint.211md.org\/es\/wp-json\/wp\/v2\/media?parent=3720"}],"curies":[{"name":"wp","href":"https:\/\/api.w.org\/{rel}","templated":true}]}}