{"id":3745,"date":"2025-04-25T14:57:38","date_gmt":"2025-04-25T14:57:38","guid":{"rendered":"https:\/\/marylandaccesspoint.211md.org\/?page_id=3745"},"modified":"2026-04-09T22:35:26","modified_gmt":"2026-04-09T22:35:26","slug":"home","status":"publish","type":"page","link":"https:\/\/marylandaccesspoint.211md.org\/es\/home\/","title":{"rendered":"Asistencia a domicilio"},"content":{"rendered":"<h1>Asistencia a domicilio<\/h1>\n\t\t<p>Muchas personas mayores y personas con discapacidades prefieren vivir en los hogares y comunidades que eligen. Los apoyos y servicios pueden ayudarle a estar m\u00e1s seguro en su hogar, retrasando la dependencia y la necesidad de arreglos de vida y cuidados m\u00e1s restrictivos y costosos.<\/p>\n\t\t\t<a href=\"#start\"  target=\"_self\">\n\t\t\t\t\t\t\tComenzar\n\t\t\t\t\t<\/a>\n\t\t<h2>Cuidado de personas mayores<\/h2>\n\t\t<p>Senior Care ofrece servicios de gesti\u00f3n de casos y apoyo a personas mayores de 65 a\u00f1os que corren el riesgo de ser ingresadas en una residencia de ancianos. Los adultos que cumplan los requisitos pueden optar a recibir ayuda a domicilio para el cuidado personal, las tareas dom\u00e9sticas, la medicaci\u00f3n, el equipo y los suministros m\u00e9dicos, la atenci\u00f3n diurna para adultos, la atenci\u00f3n de relevo, las comidas a domicilio, el transporte y los sistemas de respuesta a emergencias.<\/p>\n\t\t\t<a href=\"https:\/\/aging.maryland.gov\/Pages\/senior-care.aspx\" target=\"_blank\" rel=\"noopener\">\n\t\t\t\t\t\t\tM\u00e1s informaci\u00f3n\n\t\t\t<\/a>\n\t\t<h2>Servicios domiciliarios y comunitarios<\/h2>\n\t\tMedicaid de Maryland ofrece servicios a domicilio y en la comunidad para personas mayores, personas con discapacidades y ni\u00f1os con enfermedades cr\u00f3nicas. Los criterios de elegibilidad y las prestaciones var\u00edan seg\u00fan cada programa, pero pueden incluir apoyo a domicilio para las actividades de la vida diaria, programas diurnos para adultos, ayuda con el transporte y otros servicios de apoyo a domicilio y en la comunidad.\n\t\t\t<a href=\"https:\/\/health.maryland.gov\/mmcp\/waiverprograms\/pages\/home.aspx\" target=\"_blank\" rel=\"noopener\">\n\t\t\t\t\t\t\tM\u00e1s informaci\u00f3n\n\t\t\t<\/a>\n\t\t<h2>Apoyo comunitario para personas con discapacidades del desarrollo<\/h2>\n\t\t<p>La exenci\u00f3n de apoyo comunitario ayuda a las personas con discapacidades del desarrollo a vivir de forma m\u00e1s independiente, proporcion\u00e1ndoles apoyos significativos que promueven la vida en comunidad, como asistencia para el empleo, evaluaciones y recursos para la modificaci\u00f3n del hogar, guarder\u00edas, apoyo para la vivienda y el transporte, tutor\u00eda y gesti\u00f3n de casos, as\u00ed como otros servicios y prestaciones.<\/p>\n\t\t\t<a href=\"https:\/\/health.maryland.gov\/dda\/Pages\/Individuals.aspx\" target=\"_blank\" rel=\"noopener\">\n\t\t\t\t\t\t\tM\u00e1s informaci\u00f3n\n\t\t\t<\/a>\n\t\t<h2>Llamadas de control a personas mayores y conexiones sociales<\/h2>\n\t\t<p>Senior Call Check and Social Connections brinda tranquilidad a las familias y cuidadores de adultos mayores que viven solos al proporcionar servicios de verificaci\u00f3n diaria. Si no se puede localizar al participante del programa, se env\u00edan notificaciones a un contacto de emergencia designado. El servicio es gratuito.<\/p>\n\t\t\t<a href=\"https:\/\/aging.maryland.gov\/Pages\/senior-call-check.aspx\" target=\"_blank\" rel=\"noopener\">\n\t\t\t\t\t\t\tM\u00e1s informaci\u00f3n\n\t\t\t<\/a>\n\t\t<h2>Cuidado a largo plazo<\/h2>\n\t\t<p>Los programas y exenciones de Medicaid de Maryland ofrecen opciones de servicios comunitarios como alternativa o retraso al acceso a la atenci\u00f3n en un asilo de ancianos. Los programas ofrecen apoyo con las actividades de la vida diaria, asistencia de enfermer\u00eda y atenci\u00f3n m\u00e9dica especializada para ayudar a los participantes del programa a permanecer en sus hogares.<\/p>\n\t\t\t<a href=\"https:\/\/health.maryland.gov\/mmcp\/longtermcare\/pages\/home.aspx\" target=\"_blank\" rel=\"noopener\">\n\t\t\t\t\t\t\tM\u00e1s informaci\u00f3n\n\t\t\t<\/a>\n<figure data-animation-delay=\"0\" data-animation-duration=\"1\" itemscope itemtype=\"https:\/\/schema.org\/ImageObject\">\n\t\t\t\t<a href=\"https:\/\/marylandaccesspoint.211md.org\/es\/connect\/\" target=\"_self\" itemprop=\"url\">\n\t\t\t\t<img decoding=\"async\" src=\"https:\/\/marylandaccesspoint.211md.org\/wp-content\/uploads\/2025\/04\/Images3.jpg\" alt=\"older woman holding hands\" height=\"750\" width=\"750\" title=\"P\u00f3ngase en contacto con MAP para obtener m\u00e1s informaci\u00f3n sobre los servicios de apoyo a domicilio.\" onerror=\"this.style.display='none'\" loading=\"lazy\" \/>\n\t\t\t\t<\/a>\n\t<\/figure>\n\t<h3>Otros recursos<\/h3>\n<p>P\u00f3ngase en contacto con MAP para obtener m\u00e1s informaci\u00f3n sobre las ayudas a las que puede tener derecho.<\/p>\n<ul>\n<li><a href=\"https:\/\/aging.maryland.gov\/Pages\/national-family-caregiver-support.aspx\" target=\"_blank\" rel=\"noopener\">El Programa de Apoyo a los Cuidadores Familiares de Maryland<\/a> ayuda a los familiares y cuidadores informales a cuidar a un ser querido en casa.<\/li>\n<li><a href=\"https:\/\/health.maryland.gov\/mmcp\/longtermcare\/Pages\/Medical-Day-Care-Services.aspx\" target=\"_blank\" rel=\"noopener\">Servicios m\u00e9dicos y de atenci\u00f3n diurna para adultos<\/a> puede ayudar a los cuidadores proporcionando atenci\u00f3n m\u00e9dica a las personas a las que cuidan durante el d\u00eda en un entorno comunitario.<\/li>\n<\/ul>","protected":false},"excerpt":{"rendered":"<p>Apoyo a domicilio Muchas personas mayores y personas con discapacidades prefieren vivir en los hogares y las comunidades que elijan. Los servicios y el apoyo pueden ayudarle a sentirse m\u00e1s seguro en su hogar, retrasando la dependencia y la necesidad de optar por modalidades de vida y cuidados m\u00e1s restrictivas y costosas. Empiece ahora Cuidado de personas mayores Cuidado de personas mayores ofrece gesti\u00f3n de casos y apoyo\u2026<\/p>","protected":false},"author":13,"featured_media":1413,"parent":0,"menu_order":0,"comment_status":"closed","ping_status":"closed","template":"","meta":{"footnotes":""},"class_list":["post-3745","page","type-page","status-publish","has-post-thumbnail","hentry"],"_links":{"self":[{"href":"https:\/\/marylandaccesspoint.211md.org\/es\/wp-json\/wp\/v2\/pages\/3745","targetHints":{"allow":["GET"]}}],"collection":[{"href":"https:\/\/marylandaccesspoint.211md.org\/es\/wp-json\/wp\/v2\/pages"}],"about":[{"href":"https:\/\/marylandaccesspoint.211md.org\/es\/wp-json\/wp\/v2\/types\/page"}],"author":[{"embeddable":true,"href":"https:\/\/marylandaccesspoint.211md.org\/es\/wp-json\/wp\/v2\/users\/13"}],"replies":[{"embeddable":true,"href":"https:\/\/marylandaccesspoint.211md.org\/es\/wp-json\/wp\/v2\/comments?post=3745"}],"version-history":[{"count":12,"href":"https:\/\/marylandaccesspoint.211md.org\/es\/wp-json\/wp\/v2\/pages\/3745\/revisions"}],"predecessor-version":[{"id":4415,"href":"https:\/\/marylandaccesspoint.211md.org\/es\/wp-json\/wp\/v2\/pages\/3745\/revisions\/4415"}],"wp:featuredmedia":[{"embeddable":true,"href":"https:\/\/marylandaccesspoint.211md.org\/es\/wp-json\/wp\/v2\/media\/1413"}],"wp:attachment":[{"href":"https:\/\/marylandaccesspoint.211md.org\/es\/wp-json\/wp\/v2\/media?parent=3745"}],"curies":[{"name":"wp","href":"https:\/\/api.w.org\/{rel}","templated":true}]}}