{"id":3747,"date":"2025-04-25T15:26:08","date_gmt":"2025-04-25T15:26:08","guid":{"rendered":"https:\/\/marylandaccesspoint.211md.org\/?page_id=3747"},"modified":"2026-04-09T22:36:00","modified_gmt":"2026-04-09T22:36:00","slug":"food","status":"publish","type":"page","link":"https:\/\/marylandaccesspoint.211md.org\/es\/food\/","title":{"rendered":"Acceso a los alimentos"},"content":{"rendered":"<h1>Acceso a los alimentos<\/h1>\n\t\t<p>El acceso a alimentos nutritivos es una necesidad fundamental y vital para mantenerse saludable e independiente. Maryland cuenta con varios programas que pueden conectar a los residentes elegibles con alimentos saludables y comidas preparadas.<\/p>\n\t\t\t<a href=\"#start\"  target=\"_self\">\n\t\t\t\t\t\t\tComenzar\n\t\t\t\t\t<\/a>\n\t\t<h2>Servicios de Nutrici\u00f3n<\/h2>\n\t\tEl Departamento de Envejecimiento de Maryland dirige programas de nutrici\u00f3n para adultos mayores en todo el estado, asignando fondos estatales y federales, y garantizando la prestaci\u00f3n de servicios de calidad para los programas administrados por socios locales.\n\t\t\t<a href=\"https:\/\/aging.maryland.gov\/Pages\/nutrition.aspx\" target=\"_blank\" rel=\"noopener\">\n\t\t\t\t\t\t\tM\u00e1s informaci\u00f3n\n\t\t\t<\/a>\n\t\t<h2>Beneficios SNAP<\/h2>\n\t\t<p>El Programa de Asistencia Nutricional Suplementaria (SNAP) proporciona fondos a los hogares con bajos ingresos para que puedan comprar los alimentos que necesitan para mantenerse saludables.<\/p>\n\t\t\t<a href=\"https:\/\/dhs.maryland.gov\/supplemental-nutrition-assistance-program\/\" target=\"_blank\" rel=\"noopener\">\n\t\t\t\t\t\t\tM\u00e1s informaci\u00f3n\n\t\t\t<\/a>\n<figure data-animation-delay=\"0\" data-animation-duration=\"1\" itemscope itemtype=\"https:\/\/schema.org\/ImageObject\">\n\t\t\t\t<a href=\"https:\/\/marylandaccesspoint.211md.org\/es\/connect\/\" target=\"_self\" itemprop=\"url\">\n\t\t\t\t<img decoding=\"async\" src=\"https:\/\/marylandaccesspoint.211md.org\/wp-content\/uploads\/2025\/06\/Untitled-design-17-scaled.jpg\" alt=\"Grocery Shopping\" height=\"2560\" width=\"2560\" title=\"Comestibles\" onerror=\"this.style.display='none'\" loading=\"lazy\" \/>\n\t\t\t\t<\/a>\n\t<\/figure>\n\t<h3>Otros recursos<\/h3>\n<p>P\u00f3ngase en contacto con MAP para obtener m\u00e1s informaci\u00f3n sobre las ayudas a las que puede tener derecho.<\/p>\n<ul>\n<li><a href=\"https:\/\/mdfoodbank.org\/\" target=\"_blank\" rel=\"noopener\">Banco de Alimentos de Maryland<\/a> puede ayudarle a encontrar los bancos de alimentos en todo el estado.<\/li>\n<\/ul>","protected":false},"excerpt":{"rendered":"<p>Acceso a alimentos El acceso a alimentos nutritivos es una necesidad fundamental y es vital para mantener la salud y la independencia. Maryland cuenta con varios programas que pueden ayudar a los residentes que cumplan los requisitos a acceder a alimentos saludables y comidas preparadas. C\u00f3mo empezar Servicios de nutrici\u00f3n El Departamento de Envejecimiento de Maryland dirige programas de nutrici\u00f3n para personas mayores en todo el estado, asignando fondos estatales y federales, y\u2026<\/p>","protected":false},"author":13,"featured_media":3669,"parent":0,"menu_order":0,"comment_status":"closed","ping_status":"closed","template":"","meta":{"footnotes":""},"class_list":["post-3747","page","type-page","status-publish","has-post-thumbnail","hentry"],"_links":{"self":[{"href":"https:\/\/marylandaccesspoint.211md.org\/es\/wp-json\/wp\/v2\/pages\/3747","targetHints":{"allow":["GET"]}}],"collection":[{"href":"https:\/\/marylandaccesspoint.211md.org\/es\/wp-json\/wp\/v2\/pages"}],"about":[{"href":"https:\/\/marylandaccesspoint.211md.org\/es\/wp-json\/wp\/v2\/types\/page"}],"author":[{"embeddable":true,"href":"https:\/\/marylandaccesspoint.211md.org\/es\/wp-json\/wp\/v2\/users\/13"}],"replies":[{"embeddable":true,"href":"https:\/\/marylandaccesspoint.211md.org\/es\/wp-json\/wp\/v2\/comments?post=3747"}],"version-history":[{"count":14,"href":"https:\/\/marylandaccesspoint.211md.org\/es\/wp-json\/wp\/v2\/pages\/3747\/revisions"}],"predecessor-version":[{"id":4416,"href":"https:\/\/marylandaccesspoint.211md.org\/es\/wp-json\/wp\/v2\/pages\/3747\/revisions\/4416"}],"wp:featuredmedia":[{"embeddable":true,"href":"https:\/\/marylandaccesspoint.211md.org\/es\/wp-json\/wp\/v2\/media\/3669"}],"wp:attachment":[{"href":"https:\/\/marylandaccesspoint.211md.org\/es\/wp-json\/wp\/v2\/media?parent=3747"}],"curies":[{"name":"wp","href":"https:\/\/api.w.org\/{rel}","templated":true}]}}