{"id":3749,"date":"2025-04-25T16:10:17","date_gmt":"2025-04-25T16:10:17","guid":{"rendered":"https:\/\/marylandaccesspoint.211md.org\/?page_id=3749"},"modified":"2026-01-14T18:36:21","modified_gmt":"2026-01-14T18:36:21","slug":"equipment","status":"publish","type":"page","link":"https:\/\/marylandaccesspoint.211md.org\/es\/equipment\/","title":{"rendered":"Equipo y tecnolog\u00eda"},"content":{"rendered":"<h1>Equipo y tecnolog\u00eda<\/h1>\n\t\t<p>Los programas que ofrecen equipo m\u00e9dico y tecnolog\u00eda de asistencia gratuitos pueden ayudar a reducir las barreras para la vida independiente, la comunicaci\u00f3n con otras personas y la movilidad. Maryland cuenta con muchos recursos para ayudar a personas de todas las edades y capacidades a mantenerse seguras en sus hogares y conectadas con sus comunidades a trav\u00e9s de programas gratuitos de equipo y tecnolog\u00eda.<\/p>\n\t\t\t<a href=\"#start\" target=\"_self\">\n\t\t\t\t\t\t\tM\u00e1s informaci\u00f3n\n\t\t\t\t\t<\/a>\n\t\t<h2>Equipo m\u00e9dico duradero<\/h2>\n\t\t<p>El Centro de Reutilizaci\u00f3n de Equipos M\u00e9dicos Duraderos (DME) de Maryland proporciona equipos m\u00e9dicos duraderos gratuitos a los residentes de Maryland que padecen cualquier enfermedad, lesi\u00f3n o discapacidad, independientemente de su edad o cobertura de seguro. Los equipos disponibles incluyen sillas de ruedas, andadores, equipos de seguridad para el ba\u00f1o, elevadores mec\u00e1nicos, camas de hospital para el hogar y muchos otros art\u00edculos disponibles para mantener la seguridad y la movilidad de los residentes de Maryland.<\/p>\n\t\t\t<a href=\"https:\/\/aging.maryland.gov\/pages\/DME.aspx\" target=\"_blank\" rel=\"noopener\">\n\t\t\t\t\t\t\tM\u00e1s informaci\u00f3n\n\t\t\t<\/a>\n\t\t<h2>Relevo de Maryland<\/h2>\n\t\t<p>Maryland Relay presta servicio a los residentes de Maryland que tienen dificultades para utilizar un tel\u00e9fono est\u00e1ndar a trav\u00e9s de una amplia gama de soluciones, que incluyen opciones de llamadas, equipos de telecomunicaciones y apoyo comunitario.<\/p>\n\t\t\t<a href=\"https:\/\/doit.maryland.gov\/mdrelay\/Pages\/default.aspx\" target=\"_blank\" rel=\"noopener\">\n\t\t\t\t\t\t\tM\u00e1s informaci\u00f3n\n\t\t\t<\/a>\n\t\t<h2>Dispositivos y tecnolog\u00eda de asistencia<\/h2>\n\t\t<p>Los residentes de Maryland que necesiten tecnolog\u00eda o dispositivos que les ayuden a comunicarse o a realizar las actividades de la vida diaria pueden acceder a una amplia gama de ayudas a trav\u00e9s del Centro de Reutilizaci\u00f3n de Tecnolog\u00eda Asistencial de Alta Tecnolog\u00eda de Maryland. Los productos que se ofrecen son gratuitos e incluyen equipos inform\u00e1ticos adaptados, dispositivos de comunicaci\u00f3n por voz, sistemas de seguimiento ocular y otras ayudas para la comunicaci\u00f3n y el entorno.<\/p>\n\t\t\t<a href=\"https:\/\/mdod.maryland.gov\/mdtap\/Pages\/ATreuse.aspx\" target=\"_blank\" rel=\"noopener\">\n\t\t\t\t\t\t\tM\u00e1s informaci\u00f3n\n\t\t\t<\/a>\n\t\t<h2>Equipo de comunicaciones<\/h2>\n\t\t<p>El programa Maryland Accessible Telecommunications (MAT) proporciona equipos de telecomunicaciones gratuitos a los residentes de Maryland que re\u00fanen los requisitos y necesitan ayuda para hacer o recibir llamadas telef\u00f3nicas. Las herramientas que se proporcionan incluyen tel\u00e9fonos amplificados y con subt\u00edtulos, tabletas, teletipos en braille, interruptores para tel\u00e9fonos con almohadilla para sillas de ruedas y otros productos de comunicaci\u00f3n.<\/p>\n\t\t\t<a href=\"https:\/\/doit.maryland.gov\/mdrelay\/Pages\/equipment.aspx\" target=\"_blank\" rel=\"noopener\">\n\t\t\t\t\t\t\tM\u00e1s informaci\u00f3n\n\t\t\t<\/a>\n\t\t<h2>Pr\u00e9stamos para rampas port\u00e1tiles<\/h2>\n\t\t<p>El Programa de Tecnolog\u00eda de Apoyo del Departamento de Discapacidades de Maryland se ha asociado con centros de vida independiente de todo el estado para poner a disposici\u00f3n de los usuarios una variedad de rampas port\u00e1tiles que les permitan entrar y salir de sus hogares cuando necesiten soluciones a corto plazo. Por lo general, las rampas se prestan por un m\u00e1ximo de 120 d\u00edas (4 meses) y cumplen plenamente con los requisitos de la ADA en materia de acceso mediante rampas port\u00e1tiles.<\/p>\n\t\t\t<a href=\"https:\/\/www.ilru.org\/projects\/cil-net\/cil-center-and-association-directory-results\/MD\" target=\"_blank\" rel=\"noopener\">\n\t\t\t\t\t\t\tM\u00e1s informaci\u00f3n\n\t\t\t<\/a>\n<figure data-animation-delay=\"0\" data-animation-duration=\"1\" itemscope=\"\" itemtype=\"https:\/\/schema.org\/ImageObject\">\n\t\t\t\t<a href=\"https:\/\/marylandaccesspoint.211md.org\/es\/connect\/\" target=\"_self\" itemprop=\"url\">\n\t\t\t\t<img decoding=\"async\" src=\"https:\/\/marylandaccesspoint.211md.org\/wp-content\/uploads\/2025\/06\/Untitled-design-23-scaled.jpg\" alt=\"little boy with assistive tech\" height=\"2560\" width=\"2560\" title=\"Tecnolog\u00eda de asistencia\" onerror=\"this.style.display='none'\" loading=\"lazy\">\n\t\t\t\t<\/a>\n\t<\/figure>\n\t<h3>Otros recursos<\/h3>\n<p>P\u00f3ngase en contacto con MAP para obtener m\u00e1s informaci\u00f3n sobre las ayudas a las que puede tener derecho.<\/p>\n<ul>\n<li><a href=\"https:\/\/health.maryland.gov\/dda\/Pages\/Services\/assistive-technology-and-services.aspx\" target=\"_blank\" rel=\"noopener\">Tecnolog\u00eda y servicios de asistencia<\/a> El programa ayuda a los residentes de Maryland con discapacidades del desarrollo a acceder a tecnolog\u00eda y servicios de asistencia que les facilitan diversas actividades de la vida diaria. El programa de exenci\u00f3n tambi\u00e9n incluye una evaluaci\u00f3n de las necesidades y asistencia para localizar y utilizar la tecnolog\u00eda de asistencia.<\/li>\n<li><a href=\"https:\/\/mdod.maryland.gov\/mdtap\/Pages\/ATlowloan.aspx\" target=\"_blank\" rel=\"noopener\">Programa de pr\u00e9stamos con intereses bajos para tecnolog\u00eda de asistencia<\/a> ofrece pr\u00e9stamos con intereses bajos para ayudar a financiar equipos de asistencia y modificaciones de accesibilidad en hogares y veh\u00edculos, as\u00ed como para la compra de veh\u00edculos adaptados y no adaptados.<\/li>\n<\/ul>","protected":false},"excerpt":{"rendered":"<p>Los programas de equipamiento y tecnolog\u00eda que ofrecen equipos m\u00e9dicos y tecnolog\u00eda de apoyo gratuitos pueden ayudar a reducir las barreras que impiden llevar una vida independiente, comunicarse con otras personas y desplazarse. Maryland cuenta con numerosos recursos para ayudar a personas de todas las edades y capacidades a mantenerse seguras en sus hogares y conectadas con sus comunidades a trav\u00e9s de programas gratuitos de equipamiento y tecnolog\u00eda. M\u00e1s informaci\u00f3n sobre equipos m\u00e9dicos duraderos\u2026<\/p>","protected":false},"author":13,"featured_media":3699,"parent":0,"menu_order":0,"comment_status":"closed","ping_status":"closed","template":"","meta":{"footnotes":""},"class_list":["post-3749","page","type-page","status-publish","has-post-thumbnail","hentry"],"_links":{"self":[{"href":"https:\/\/marylandaccesspoint.211md.org\/es\/wp-json\/wp\/v2\/pages\/3749","targetHints":{"allow":["GET"]}}],"collection":[{"href":"https:\/\/marylandaccesspoint.211md.org\/es\/wp-json\/wp\/v2\/pages"}],"about":[{"href":"https:\/\/marylandaccesspoint.211md.org\/es\/wp-json\/wp\/v2\/types\/page"}],"author":[{"embeddable":true,"href":"https:\/\/marylandaccesspoint.211md.org\/es\/wp-json\/wp\/v2\/users\/13"}],"replies":[{"embeddable":true,"href":"https:\/\/marylandaccesspoint.211md.org\/es\/wp-json\/wp\/v2\/comments?post=3749"}],"version-history":[{"count":5,"href":"https:\/\/marylandaccesspoint.211md.org\/es\/wp-json\/wp\/v2\/pages\/3749\/revisions"}],"predecessor-version":[{"id":4290,"href":"https:\/\/marylandaccesspoint.211md.org\/es\/wp-json\/wp\/v2\/pages\/3749\/revisions\/4290"}],"wp:featuredmedia":[{"embeddable":true,"href":"https:\/\/marylandaccesspoint.211md.org\/es\/wp-json\/wp\/v2\/media\/3699"}],"wp:attachment":[{"href":"https:\/\/marylandaccesspoint.211md.org\/es\/wp-json\/wp\/v2\/media?parent=3749"}],"curies":[{"name":"wp","href":"https:\/\/api.w.org\/{rel}","templated":true}]}}