{"id":3754,"date":"2025-04-25T19:17:11","date_gmt":"2025-04-25T19:17:11","guid":{"rendered":"https:\/\/marylandaccesspoint.211md.org\/?page_id=3754"},"modified":"2026-01-14T18:35:46","modified_gmt":"2026-01-14T18:35:46","slug":"transportation","status":"publish","type":"page","link":"https:\/\/marylandaccesspoint.211md.org\/es\/transportation\/","title":{"rendered":"Transporte"},"content":{"rendered":"<h1>Transporte<\/h1>\n\t\t<p>El acceso a un transporte seguro y confiable es esencial para mantener la independencia y la actividad. Para muchas personas mayores y personas con discapacidad que no conducen, los servicios de transporte de apoyo mejoran su acceso a alimentos saludables, atenci\u00f3n m\u00e9dica, empleo, servicios esenciales y sus comunidades.<\/p>\n\t\t\t<a href=\"#start\" target=\"_self\">\n\t\t\t\t\t\t\tM\u00e1s informaci\u00f3n\n\t\t\t\t\t<\/a>\n\t\t<h2>Transporte para personas con discapacidad<\/h2>\n\t\t<p>El transporte especializado en movilidad ofrece servicios de transporte a personas que, debido a una discapacidad, no pueden desplazarse hasta una parada de autob\u00fas, esperar sin ayuda en una parada o estaci\u00f3n, ni subir o viajar en autob\u00fas o tren por s\u00ed mismas. <\/p>\n\t\t\t<a href=\"https:\/\/www.mta.maryland.gov\/mobility\" target=\"_blank\" rel=\"noopener\">\n\t\t\t\t\t\t\tM\u00e1s informaci\u00f3n\n\t\t\t<\/a>\n\t\t<h2>Programa de tarifas reducidas para personas con discapacidad<\/h2>\n\t\t<p>El programa de Certificaci\u00f3n de Tarifa Reducida por Discapacidad ayuda a los participantes elegibles a pagar menos por el transporte p\u00fablico.<\/p>\n\t\t\t<a href=\"https:\/\/www.mta.maryland.gov\/disability-reduced-fare-program\" target=\"_blank\" rel=\"noopener\">\n\t\t\t\t\t\t\tM\u00e1s informaci\u00f3n\n\t\t\t<\/a>\n\t\t<h2>Red de Modelos de Aldea<\/h2>\n\t\t<p>Muchas organizaciones comunitarias basadas en el modelo Village ofrecen servicios de transporte voluntario entre pares para personas mayores y personas con discapacidad.<\/p>\n\t\t\t<a href=\"https:\/\/aging.maryland.gov\/pages\/villages.aspx\" target=\"_blank\" rel=\"noopener\">\n\t\t\t\t\t\t\tM\u00e1s informaci\u00f3n\n\t\t\t<\/a>\n\t\t<h2>Cuidado de personas mayores<\/h2>\n\t\t<p>El programa de Atenci\u00f3n a Personas Mayores ofrece una variedad de servicios de apoyo a las personas mayores y a las personas con discapacidad que cumplan los requisitos, con el fin de ayudarlas a vivir en sus hogares y comunidades, incluyendo servicios de transporte.<\/p>\n\t\t\t<a href=\"https:\/\/aging.maryland.gov\/Pages\/senior-care.aspx\" target=\"_blank\" rel=\"noopener\">\n\t\t\t\t\t\t\tM\u00e1s informaci\u00f3n\n\t\t\t<\/a>\n<figure data-animation-delay=\"0\" data-animation-duration=\"1\" itemscope=\"\" itemtype=\"https:\/\/schema.org\/ImageObject\">\n\t\t\t\t<a href=\"https:\/\/marylandaccesspoint.211md.org\/es\/connect\/\" target=\"_self\" itemprop=\"url\">\n\t\t\t\t<img decoding=\"async\" src=\"https:\/\/marylandaccesspoint.211md.org\/wp-content\/uploads\/2025\/06\/Untitled-design-22-scaled.jpg\" alt=\"Elderly using transportation with care\" height=\"2560\" width=\"2560\" title=\"Transporte\" onerror=\"this.style.display='none'\" loading=\"lazy\">\n\t\t\t\t<\/a>\n\t<\/figure>\n\t<h3>Otros recursos<\/h3>\n<p>P\u00f3ngase en contacto con MAP para obtener m\u00e1s informaci\u00f3n sobre las ayudas a las que puede tener derecho.<\/p>\n<ul>\n<li><a href=\"https:\/\/search.marylandaccesspoint.211md.org\/search?query=BT-4500.6500-500&amp;query_label=Non-Emergency+Medical+Transportation&amp;query_type=taxonomy\">Transporte m\u00e9dico no urgente<\/a> Se ofrece en muchas comunidades para ayudar a las personas mayores y a las personas con discapacidades a acudir a sus citas m\u00e9dicas.<\/li>\n<li><a href=\"https:\/\/search.marylandaccesspoint.211md.org\/search?query=BT-4500.6500-170&amp;query_label=Disability+Related+Transportation&amp;query_type=taxonomy\">Transporte para personas con discapacidad<\/a> Hay servicios disponibles en muchas comunidades para quienes re\u00fanan los requisitos.<\/li>\n<\/ul>","protected":false},"excerpt":{"rendered":"<p>Transporte El acceso a un transporte seguro y confiable es esencial para mantener la independencia y la actividad. Para muchas personas mayores y personas con discapacidad que no conducen, los servicios de transporte de apoyo mejoran su acceso a alimentos saludables, atenci\u00f3n m\u00e9dica, empleo, servicios esenciales y sus comunidades. M\u00e1s informaci\u00f3n Transporte para personas con discapacidad El transporte p\u00fablico especializado en movilidad ofrece transporte\u2026<\/p>","protected":false},"author":13,"featured_media":3703,"parent":0,"menu_order":0,"comment_status":"closed","ping_status":"closed","template":"","meta":{"footnotes":""},"class_list":["post-3754","page","type-page","status-publish","has-post-thumbnail","hentry"],"_links":{"self":[{"href":"https:\/\/marylandaccesspoint.211md.org\/es\/wp-json\/wp\/v2\/pages\/3754","targetHints":{"allow":["GET"]}}],"collection":[{"href":"https:\/\/marylandaccesspoint.211md.org\/es\/wp-json\/wp\/v2\/pages"}],"about":[{"href":"https:\/\/marylandaccesspoint.211md.org\/es\/wp-json\/wp\/v2\/types\/page"}],"author":[{"embeddable":true,"href":"https:\/\/marylandaccesspoint.211md.org\/es\/wp-json\/wp\/v2\/users\/13"}],"replies":[{"embeddable":true,"href":"https:\/\/marylandaccesspoint.211md.org\/es\/wp-json\/wp\/v2\/comments?post=3754"}],"version-history":[{"count":6,"href":"https:\/\/marylandaccesspoint.211md.org\/es\/wp-json\/wp\/v2\/pages\/3754\/revisions"}],"predecessor-version":[{"id":4289,"href":"https:\/\/marylandaccesspoint.211md.org\/es\/wp-json\/wp\/v2\/pages\/3754\/revisions\/4289"}],"wp:featuredmedia":[{"embeddable":true,"href":"https:\/\/marylandaccesspoint.211md.org\/es\/wp-json\/wp\/v2\/media\/3703"}],"wp:attachment":[{"href":"https:\/\/marylandaccesspoint.211md.org\/es\/wp-json\/wp\/v2\/media?parent=3754"}],"curies":[{"name":"wp","href":"https:\/\/api.w.org\/{rel}","templated":true}]}}