{"id":3758,"date":"2025-04-28T17:27:05","date_gmt":"2025-04-28T17:27:05","guid":{"rendered":"https:\/\/marylandaccesspoint.211md.org\/?page_id=3758"},"modified":"2026-04-09T22:33:35","modified_gmt":"2026-04-09T22:33:35","slug":"healthcare","status":"publish","type":"page","link":"https:\/\/marylandaccesspoint.211md.org\/es\/healthcare\/","title":{"rendered":"Atenci\u00f3n m\u00e9dica"},"content":{"rendered":"<h1>Atenci\u00f3n m\u00e9dica<\/h1>\n\t\t<p>Las prioridades en materia de atenci\u00f3n m\u00e9dica pueden variar mucho de una persona a otra. Maryland cuenta con muchos recursos para ayudar a los residentes a encontrar la atenci\u00f3n adecuada en funci\u00f3n de sus necesidades y circunstancias espec\u00edficas, as\u00ed como oportunidades para mantener su salud y bienestar.<\/p>\n\t\t\t<a href=\"#start\"  target=\"_self\">\n\t\t\t\t\t\t\tComenzar\n\t\t\t\t\t<\/a>\n\t\t<h2>Atenci\u00f3n avanzada<\/h2>\n\t\t<p>En caso de que no pueda tomar sus propias decisiones m\u00e9dicas, es importante contar con un plan que incluya a familiares, amigos y proveedores de atenci\u00f3n m\u00e9dica. Estos recursos pueden ayudarle a planificar la atenci\u00f3n m\u00e9dica anticipada y a encontrar proveedores de cuidados paliativos y hospicios en su comunidad.<\/p>\n\t\t\t<a href=\"https:\/\/marylandaccesspoint.211md.org\/es\/advancedcare\/\"  target=\"_self\">\n\t\t\t\t\t\t\tM\u00e1s informaci\u00f3n\n\t\t\t<\/a>\n\t\t<h2>Recursos para el cuidado de personas<\/h2>\n\t\t<p>Los cuidadores brindan un apoyo fundamental a quienes lo necesitan. Maryland cuenta con recursos para quienes necesitan ayuda para encontrar proveedores de cuidados a domicilio o de asistencia para la vida diaria, y ofrece apoyo a quienes necesitan ayuda para prestar servicios de cuidados esenciales a un ser querido.<\/p>\n\t\t\t<a href=\"https:\/\/marylandaccesspoint.211md.org\/es\/caregiving\/\"  target=\"_self\">\n\t\t\t\t\t\t\tM\u00e1s informaci\u00f3n\n\t\t\t<\/a>\n\t\t<h2>Cobertura de atenci\u00f3n m\u00e9dica<\/h2>\n\t\t<p>Entender las opciones de seguro puede resultar complicado. Hay informaci\u00f3n disponible sobre los planes de seguro m\u00e9dico disponibles, c\u00f3mo solicitar la cobertura y estimar los costos para ayudarle a navegar por los complejos sistemas de cobertura m\u00e9dica.<\/p>\n\t\t\t<a href=\"https:\/\/marylandaccesspoint.211md.org\/es\/coverage\/\"  target=\"_self\">\n\t\t\t\t\t\t\tM\u00e1s informaci\u00f3n\n\t\t\t<\/a>\n\t\t<h2>Salud cerebral y mental<\/h2>\n\t\t<p>La salud cognitiva y mental es importante para la salud general de todos los residentes de Maryland. Existen recursos disponibles para ayudar a detectar posibles trastornos cognitivos y de salud mental, y encontrar servicios y apoyos para su atenci\u00f3n.<\/p>\n\t\t\t<a href=\"https:\/\/marylandaccesspoint.211md.org\/es\/brainhealth\/\"  target=\"_self\">\n\t\t\t\t\t\t\tM\u00e1s informaci\u00f3n\n\t\t\t<\/a>\n\t\t<h2>Vida saludable<\/h2>\n\t\t<p>Un estilo de vida lleno de actividades f\u00edsicas, mentales y sociales contribuye a un envejecimiento saludable. En todos los condados del estado hay centros para personas mayores y centros comunitarios que ofrecen una gran variedad de actividades para mantener activo el cuerpo y la mente. Las actividades que pueden estar disponibles cerca de usted o en l\u00ednea incluyen informaci\u00f3n sobre c\u00f3mo manejar las enfermedades cr\u00f3nicas, participar en actividades sociales y mejorar la salud mental.<\/p>\n\t\t\t<a href=\"https:\/\/aging.maryland.gov\/Pages\/senior-centers.aspx\" target=\"_blank\" rel=\"noopener\">\n\t\t\t\t\t\t\tM\u00e1s informaci\u00f3n\n\t\t\t<\/a>\n<figure data-animation-delay=\"0\" data-animation-duration=\"1\" itemscope itemtype=\"https:\/\/schema.org\/ImageObject\">\n\t\t\t\t<a href=\"https:\/\/marylandaccesspoint.211md.org\/es\/connect\/\" target=\"_self\" itemprop=\"url\">\n\t\t\t\t<img decoding=\"async\" src=\"https:\/\/marylandaccesspoint.211md.org\/wp-content\/uploads\/2025\/06\/Untitled-design-16-scaled.jpg\" alt=\"Dental Health\" height=\"2560\" width=\"2560\" title=\"Cuidado dental\" onerror=\"this.style.display='none'\" loading=\"lazy\" \/>\n\t\t\t\t<\/a>\n\t<\/figure>\n\t<h3>Otros recursos<\/h3>\n<p>P\u00f3ngase en contacto con MAP para obtener m\u00e1s informaci\u00f3n sobre las ayudas a las que puede tener derecho.<\/p>\n<ul>\n<li><a href=\"https:\/\/health.maryland.gov\/mmcp\/Pages\/maryland-healthy-smiles-dental-program.aspx\" target=\"_blank\" rel=\"noopener\">Sonrisas saludables de Maryland<\/a> puede ayudar a los participantes elegibles de Medicaid a encontrar atenci\u00f3n dental gratuita o de bajo costo.<\/li>\n<\/ul>","protected":false},"excerpt":{"rendered":"<p>Atenci\u00f3n m\u00e9dica Las prioridades en materia de atenci\u00f3n m\u00e9dica pueden variar mucho de una persona a otra. Maryland cuenta con numerosos recursos para ayudar a los residentes a encontrar la atenci\u00f3n adecuada en funci\u00f3n de sus necesidades y circunstancias espec\u00edficas, as\u00ed como oportunidades para mantener su salud y bienestar. Empezar Atenci\u00f3n m\u00e9dica avanzada En caso de que no pueda tomar sus propias decisiones m\u00e9dicas,\u2026<\/p>","protected":false},"author":13,"featured_media":1833,"parent":0,"menu_order":0,"comment_status":"closed","ping_status":"closed","template":"","meta":{"footnotes":""},"class_list":["post-3758","page","type-page","status-publish","has-post-thumbnail","hentry"],"_links":{"self":[{"href":"https:\/\/marylandaccesspoint.211md.org\/es\/wp-json\/wp\/v2\/pages\/3758","targetHints":{"allow":["GET"]}}],"collection":[{"href":"https:\/\/marylandaccesspoint.211md.org\/es\/wp-json\/wp\/v2\/pages"}],"about":[{"href":"https:\/\/marylandaccesspoint.211md.org\/es\/wp-json\/wp\/v2\/types\/page"}],"author":[{"embeddable":true,"href":"https:\/\/marylandaccesspoint.211md.org\/es\/wp-json\/wp\/v2\/users\/13"}],"replies":[{"embeddable":true,"href":"https:\/\/marylandaccesspoint.211md.org\/es\/wp-json\/wp\/v2\/comments?post=3758"}],"version-history":[{"count":9,"href":"https:\/\/marylandaccesspoint.211md.org\/es\/wp-json\/wp\/v2\/pages\/3758\/revisions"}],"predecessor-version":[{"id":4413,"href":"https:\/\/marylandaccesspoint.211md.org\/es\/wp-json\/wp\/v2\/pages\/3758\/revisions\/4413"}],"wp:featuredmedia":[{"embeddable":true,"href":"https:\/\/marylandaccesspoint.211md.org\/es\/wp-json\/wp\/v2\/media\/1833"}],"wp:attachment":[{"href":"https:\/\/marylandaccesspoint.211md.org\/es\/wp-json\/wp\/v2\/media?parent=3758"}],"curies":[{"name":"wp","href":"https:\/\/api.w.org\/{rel}","templated":true}]}}