{"id":3762,"date":"2025-04-28T19:20:08","date_gmt":"2025-04-28T19:20:08","guid":{"rendered":"https:\/\/marylandaccesspoint.211md.org\/?page_id=3762"},"modified":"2026-04-09T22:49:51","modified_gmt":"2026-04-09T22:49:51","slug":"caregiving","status":"publish","type":"page","link":"https:\/\/marylandaccesspoint.211md.org\/es\/caregiving\/","title":{"rendered":"Cuidado de personas"},"content":{"rendered":"<h1>Cuidado de personas<\/h1>\n\t\t<p>Los cuidadores remunerados y no remunerados son esenciales para los habitantes de Maryland que necesitan apoyo, desde asistencia con las actividades de la vida diaria hasta la administraci\u00f3n y gesti\u00f3n de la atenci\u00f3n m\u00e9dica. Los recursos que ayudan a acceder y administrar los servicios de cuidado pueden ser un salvavidas crucial para quienes los necesitan.<\/p>\n\t\t\t<a href=\"#start\"  target=\"_self\">\n\t\t\t\t\t\t\tEval\u00faa tus necesidades\n\t\t\t\t\t<\/a>\n\t\t<h2>Cuidado a largo plazo<\/h2>\n\t\t<p>Los programas y exenciones de Medicaid de Maryland ofrecen opciones de servicios comunitarios como alternativa o retraso al acceso a la atenci\u00f3n en un centro de enfermer\u00eda. Los programas ofrecen apoyo con las actividades de la vida diaria, asistencia de enfermer\u00eda y atenci\u00f3n m\u00e9dica especializada para ayudar a los participantes del programa a permanecer en sus hogares.<\/p>\n\t\t\t<a href=\"https:\/\/health.maryland.gov\/mmcp\/longtermcare\/pages\/home.aspx\" target=\"_blank\" rel=\"noopener\">\n\t\t\t\t\t\t\tM\u00e1s informaci\u00f3n\n\t\t\t<\/a>\n\t\t<h2>Cuidado de relevo<\/h2>\n\t\t<p>El cuidado de relevo proporciona atenci\u00f3n peri\u00f3dica y temporal a corto plazo a personas con discapacidades funcionales o del desarrollo con el fin de aliviar temporalmente a la familia o al cuidador informal.<\/p>\n\t\t\t<a href=\"https:\/\/dhs.maryland.gov\/office-of-adult-services\/respite-care-program\/#:~:text=The%20Respite%20Care%20program%20offers,and%20stresses%20of%20caregiving%20responsibilities\" target=\"_blank\" rel=\"noopener\">\n\t\t\t\t\t\t\tM\u00e1s informaci\u00f3n\n\t\t\t<\/a>\n\t\t<h2>Atenci\u00f3n m\u00e9dica y cuidado diurno para adultos<\/h2>\n\t\t<p>La atenci\u00f3n m\u00e9dica y la atenci\u00f3n diurna para adultos son programas grupales estructurados que brindan servicios de salud, sociales y de apoyo relacionados a adultos con discapacidades funcionales, mayores de 16 a\u00f1os, en un entorno comunitario.<\/p>\n\t\t\t<a href=\"https:\/\/health.maryland.gov\/mmcp\/longtermcare\/pages\/medical-day-care-services.aspx\" target=\"_blank\" rel=\"noopener\">\n\t\t\t\t\t\t\tM\u00e1s informaci\u00f3n\n\t\t\t<\/a>\n\t\t<h2>Lista de verificaci\u00f3n para familias sobre el cuidado de la memoria de Johns Hopkins<\/h2>\n\t\t<p>Un recurso innovador que ayuda a las familias afectadas por la demencia a identificar sus necesidades, acceder a informaci\u00f3n confiable y conectarse con apoyos que les ayuden a desarrollar un plan de cuidados m\u00e1s amplio.<\/p>\n\t\t\t<a href=\"https:\/\/marylandaccesspoint.211md.org\/es\/memorycare\/\" target=\"_self\">\n\t\t\t\t\t\t\tM\u00e1s informaci\u00f3n\n\t\t\t<\/a>\n\t\t<h2>Apoyo para el cuidado de veteranos<\/h2>\n\t\t<p>El Sistema de Salud de Maryland para Veteranos (VA Maryland Health Care System) brinda apoyo a los veteranos, sus familias y cuidadores.<\/p>\n\t\t\t<a href=\"https:\/\/www.va.gov\/maryland-health-care\/\" target=\"_blank\" rel=\"noopener\">\n\t\t\t\t\t\t\tM\u00e1s informaci\u00f3n\n\t\t\t<\/a>\n<figure data-animation-delay=\"0\" data-animation-duration=\"1\" itemscope itemtype=\"https:\/\/schema.org\/ImageObject\">\n\t\t\t\t<a href=\"https:\/\/marylandaccesspoint.211md.org\/es\/connect\/\" target=\"_self\" itemprop=\"url\">\n\t\t\t\t<img decoding=\"async\" src=\"https:\/\/marylandaccesspoint.211md.org\/wp-content\/uploads\/2025\/06\/Untitled-design-18-scaled.jpg\" alt=\"Woman smiling at Patient\" height=\"2560\" width=\"2560\" title=\"Cuidador\" onerror=\"this.style.display='none'\" loading=\"lazy\" \/>\n\t\t\t\t<\/a>\n\t\t\t\t\t\t<figcaption>Cuidado de personas<\/figcaption>\n\t<\/figure>\n\t<h3>Otros recursos<\/h3>\n<p>P\u00f3ngase en contacto con MAP para obtener m\u00e1s informaci\u00f3n sobre las ayudas a las que puede tener derecho.<\/p>\n<ul>\n<li><a href=\"https:\/\/aging.maryland.gov\/Pages\/senior-care.aspx\" target=\"_blank\" rel=\"noopener\">Cuidado de personas mayores<\/a> ofrece servicios de gesti\u00f3n de casos y apoyo a personas mayores de 65 a\u00f1os que corren el riesgo de ser ingresadas en una residencia de ancianos.<\/li>\n<li><a href=\"https:\/\/www.caregiveraction.org\/\" target=\"_blank\" rel=\"noopener\">La Red de Acci\u00f3n para Cuidadores<\/a> reconoce que los cuidadores pueden ser de muchos tipos diferentes y comparte recursos para ayudar a cuidadores de todos los \u00e1mbitos de la vida.<\/li>\n<li><a href=\"https:\/\/www.caregiver.org\/\" target=\"_blank\" rel=\"noopener\">Alianza de Cuidadores Familiares<\/a> proporciona recursos y apoyo personalizados que se adaptan a las necesidades \u00fanicas de cada cuidador familiar.<\/li>\n<\/ul>","protected":false},"excerpt":{"rendered":"<p>Cuidado de personas Los cuidadores remunerados y no remunerados son esenciales para los habitantes de Maryland que necesitan apoyo, desde asistencia con las actividades de la vida diaria hasta la administraci\u00f3n y gesti\u00f3n de la atenci\u00f3n m\u00e9dica. Los recursos que ayudan a acceder y administrar los servicios de cuidado pueden ser un salvavidas crucial para quienes los necesitan. Eval\u00fae sus necesidades Cuidado a largo plazo Programas de Medicaid de Maryland y...<\/p>","protected":false},"author":13,"featured_media":3828,"parent":0,"menu_order":0,"comment_status":"closed","ping_status":"closed","template":"","meta":{"footnotes":""},"class_list":["post-3762","page","type-page","status-publish","has-post-thumbnail","hentry"],"_links":{"self":[{"href":"https:\/\/marylandaccesspoint.211md.org\/es\/wp-json\/wp\/v2\/pages\/3762","targetHints":{"allow":["GET"]}}],"collection":[{"href":"https:\/\/marylandaccesspoint.211md.org\/es\/wp-json\/wp\/v2\/pages"}],"about":[{"href":"https:\/\/marylandaccesspoint.211md.org\/es\/wp-json\/wp\/v2\/types\/page"}],"author":[{"embeddable":true,"href":"https:\/\/marylandaccesspoint.211md.org\/es\/wp-json\/wp\/v2\/users\/13"}],"replies":[{"embeddable":true,"href":"https:\/\/marylandaccesspoint.211md.org\/es\/wp-json\/wp\/v2\/comments?post=3762"}],"version-history":[{"count":12,"href":"https:\/\/marylandaccesspoint.211md.org\/es\/wp-json\/wp\/v2\/pages\/3762\/revisions"}],"predecessor-version":[{"id":4420,"href":"https:\/\/marylandaccesspoint.211md.org\/es\/wp-json\/wp\/v2\/pages\/3762\/revisions\/4420"}],"wp:featuredmedia":[{"embeddable":true,"href":"https:\/\/marylandaccesspoint.211md.org\/es\/wp-json\/wp\/v2\/media\/3828"}],"wp:attachment":[{"href":"https:\/\/marylandaccesspoint.211md.org\/es\/wp-json\/wp\/v2\/media?parent=3762"}],"curies":[{"name":"wp","href":"https:\/\/api.w.org\/{rel}","templated":true}]}}