{"id":3765,"date":"2025-04-28T20:41:04","date_gmt":"2025-04-28T20:41:04","guid":{"rendered":"https:\/\/marylandaccesspoint.211md.org\/?page_id=3765"},"modified":"2026-03-24T17:42:21","modified_gmt":"2026-03-24T17:42:21","slug":"coverage","status":"publish","type":"page","link":"https:\/\/marylandaccesspoint.211md.org\/es\/coverage\/","title":{"rendered":"Cobertura"},"content":{"rendered":"<h1>Cobertura de atenci\u00f3n m\u00e9dica<\/h1>\n\t\t<p>Entender sus opciones de seguro puede resultar complicado. La informaci\u00f3n sobre los planes de seguro m\u00e9dico disponibles, c\u00f3mo solicitar la cobertura y calcular los costos de un plan de seguro m\u00e9dico est\u00e1 a su disposici\u00f3n para ayudarle a navegar por los complejos sistemas de cobertura sanitaria.<\/p>\n\t\t\t<a href=\"#start\"  target=\"_self\">\n\t\t\t\t\t\t\tM\u00e1s informaci\u00f3n\n\t\t\t\t\t<\/a>\n\t\t<h2>Planes e inscripci\u00f3n<\/h2>\n\t\t<p>Maryland Health Connection puede ayudarle a comparar los costos y beneficios de los diferentes planes, inscribirse (durante los periodos de inscripci\u00f3n abiertos o especiales) y determinar si re\u00fane los requisitos para recibir subsidios que le ayuden a pagar la cobertura.<\/p>\n\t\t\t<a href=\"https:\/\/www.marylandhealthconnection.gov\/\" target=\"_self\" rel=\"noopener\">\n\t\t\t\t\t\t\tM\u00e1s informaci\u00f3n\n\t\t\t<\/a>\n\t\t<h2>Seguro m\u00e9dico federal<\/h2>\n\t\t<p>Los expertos capacitados e imparciales pueden ayudar a las personas que re\u00fanen los requisitos para Medicare a encontrar el plan adecuado, inscribirse y responder preguntas sobre la cobertura. Su asesor del SHIP tambi\u00e9n puede ayudarle a responder preguntas sobre <a href=\"https:\/\/health.maryland.gov\/mmcp\/pages\/home.aspx\" target=\"_blank\" rel=\"noopener\">Medicaid<\/a>, <a href=\"https:\/\/www.medicare.gov\/basics\/costs\/help\/medicare-savings-programs\" target=\"_blank\" rel=\"noopener\">Programas de ahorro de Medicare<\/a>, <a href=\"https:\/\/www.ssa.gov\/medicare\/part-d-extra-help\" target=\"_blank\" rel=\"noopener\">Programas de subsidios para personas con bajos ingresos<\/a>, y otros temas relacionados con Medicare.<\/p>\n\t\t\t<a href=\"https:\/\/aging.maryland.gov\/Pages\/state-health-insurance-program.aspx\" target=\"_self\" rel=\"noopener\">\n\t\t\t\t\t\t\tM\u00e1s informaci\u00f3n\n\t\t\t<\/a>\n\t\t<h2>Medicaid<\/h2>\n\t\t<p>Hay planes de salud p\u00fablicos gratuitos o de bajo costo disponibles para los residentes de Maryland de todas las edades con bajos ingresos que re\u00fanan los requisitos.<\/p>\n\t\t\t<a href=\"https:\/\/health.maryland.gov\/mmcp\/pages\/home.aspx\" target=\"_self\" rel=\"noopener\">\n\t\t\t\t\t\t\tM\u00e1s informaci\u00f3n\n\t\t\t<\/a>\n\t\t<h2>Atenci\u00f3n m\u00e9dica administrada por Medicaid<\/h2>\n\t\t<p>La informaci\u00f3n sobre HealthChoice puede ayudar a los afiliados a Medicaid a tomar decisiones informadas sobre la elecci\u00f3n del programa de atenci\u00f3n m\u00e9dica administrada m\u00e1s adecuado para ellos.<\/p>\n\t\t\t<a href=\"https:\/\/health.maryland.gov\/mmcp\/healthchoice\/Pages\/Home.aspx\" target=\"_self\" rel=\"noopener\">\n\t\t\t\t\t\t\tM\u00e1s informaci\u00f3n\n\t\t\t<\/a>\n<figure data-animation-delay=\"0\" data-animation-duration=\"1\" itemscope itemtype=\"https:\/\/schema.org\/ImageObject\">\n\t\t\t\t<a href=\"https:\/\/marylandaccesspoint.211md.org\/es\/connect\/\" target=\"_self\" itemprop=\"url\">\n\t\t\t\t<img decoding=\"async\" src=\"https:\/\/marylandaccesspoint.211md.org\/wp-content\/uploads\/2025\/06\/Untitled-design-19-scaled.jpg\" alt=\"Medicare health insurance papers\" height=\"2560\" width=\"2560\" title=\"Seguro m\u00e9dico federal\" onerror=\"this.style.display='none'\" loading=\"lazy\" \/>\n\t\t\t\t<\/a>\n\t\t\t\t\t\t\n\t<\/figure>\n\t<h3>Otros recursos<\/h3>\n<p>P\u00f3ngase en contacto con MAP para obtener m\u00e1s informaci\u00f3n sobre las ayudas a las que puede tener derecho.<\/p>\n<ul>\n<li><a href=\"https:\/\/insurance.maryland.gov\/Consumer\/Documents\/publications\/longtermcare.pdf\" target=\"_blank\" rel=\"noopener\">Asociaci\u00f3n de Seguros de Cuidados a Largo Plazo de Maryland<\/a> ayuda a los titulares de p\u00f3lizas de seguro de cuidados a largo plazo a proteger sus activos frente a los requisitos de agotamiento de recursos del programa Medicaid de Maryland.<\/li>\n<li><a href=\"https:\/\/www.marylandattorneygeneral.gov\/pages\/cpd\/heau\/default.aspx\" target=\"_blank\" rel=\"noopener\">Unidad de Educaci\u00f3n y Promoci\u00f3n de la Salud<\/a> ofrece servicios de mediaci\u00f3n gratuitos para ayudar a los consumidores a resolver problemas y quejas con sus proveedores de seguros.<\/li>\n<\/ul>","protected":false},"excerpt":{"rendered":"<p>Cobertura m\u00e9dica Comprender sus opciones de seguro puede resultar complicado. Disponemos de informaci\u00f3n sobre los planes de seguro m\u00e9dico disponibles, c\u00f3mo solicitar la cobertura y calcular los costos de un plan de seguro m\u00e9dico para ayudarle a navegar por los complejos sistemas de cobertura m\u00e9dica. M\u00e1s informaci\u00f3n Planes e inscripci\u00f3n Maryland Health Connection puede ayudarle a comparar los costos y las prestaciones...<\/p>","protected":false},"author":13,"featured_media":0,"parent":0,"menu_order":0,"comment_status":"closed","ping_status":"closed","template":"","meta":{"footnotes":""},"class_list":["post-3765","page","type-page","status-publish","hentry"],"_links":{"self":[{"href":"https:\/\/marylandaccesspoint.211md.org\/es\/wp-json\/wp\/v2\/pages\/3765","targetHints":{"allow":["GET"]}}],"collection":[{"href":"https:\/\/marylandaccesspoint.211md.org\/es\/wp-json\/wp\/v2\/pages"}],"about":[{"href":"https:\/\/marylandaccesspoint.211md.org\/es\/wp-json\/wp\/v2\/types\/page"}],"author":[{"embeddable":true,"href":"https:\/\/marylandaccesspoint.211md.org\/es\/wp-json\/wp\/v2\/users\/13"}],"replies":[{"embeddable":true,"href":"https:\/\/marylandaccesspoint.211md.org\/es\/wp-json\/wp\/v2\/comments?post=3765"}],"version-history":[{"count":2,"href":"https:\/\/marylandaccesspoint.211md.org\/es\/wp-json\/wp\/v2\/pages\/3765\/revisions"}],"predecessor-version":[{"id":4220,"href":"https:\/\/marylandaccesspoint.211md.org\/es\/wp-json\/wp\/v2\/pages\/3765\/revisions\/4220"}],"wp:attachment":[{"href":"https:\/\/marylandaccesspoint.211md.org\/es\/wp-json\/wp\/v2\/media?parent=3765"}],"curies":[{"name":"wp","href":"https:\/\/api.w.org\/{rel}","templated":true}]}}