{"id":3769,"date":"2025-05-06T20:37:31","date_gmt":"2025-05-06T20:37:31","guid":{"rendered":"https:\/\/marylandaccesspoint.211md.org\/?page_id=3769"},"modified":"2026-03-27T16:34:24","modified_gmt":"2026-03-27T16:34:24","slug":"brainhealth","status":"publish","type":"page","link":"https:\/\/marylandaccesspoint.211md.org\/es\/brainhealth\/","title":{"rendered":"Salud cerebral"},"content":{"rendered":"<h1>Salud cerebral y mental<\/h1>\n\t\t<p>La salud cognitiva y mental es importante para la salud general de todos los residentes de Maryland. Existen recursos disponibles para ayudar a detectar posibles trastornos cognitivos y de salud mental, y encontrar servicios y apoyos para su atenci\u00f3n.<\/p>\n\t\t\t<a href=\"#start\" target=\"_self\">\n\t\t\t\t\t\t\tComenzar\n\t\t\t\t\t<\/a>\n\t\t<h2>Salud cerebral<\/h2>\n\t\t<p>El Departamento de Envejecimiento de Maryland ofrece recursos relacionados con la salud cerebral, mental y cognitiva, incluyendo educaci\u00f3n, apoyo, servicios y oportunidades de financiamiento.<\/p>\n\t\t\t<a href=\"https:\/\/aging.maryland.gov\/Pages\/ADRD.aspx\" target=\"_blank\" rel=\"noopener\">\n\t\t\t\t\t\t\tM\u00e1s informaci\u00f3n\n\t\t\t<\/a>\n\t\t<h2>Salud mental y angustia por abuso de sustancias<\/h2>\n\t\t<p>La l\u00ednea de ayuda 988 Suicide &amp; Crisis Lifeline brinda apoyo inmediato a personas que atraviesan una crisis de salud mental o abuso de sustancias. El apoyo est\u00e1 disponible por <a href=\"tel:988\">marcando el 988<\/a> o interactuando a trav\u00e9s de una plataforma de chat.<\/p>\n\t\t\t<a href=\"https:\/\/988lifeline.org\" target=\"_blank\" rel=\"noopener\">\n\t\t\t\t\t\t\tM\u00e1s informaci\u00f3n\n\t\t\t<\/a>\n\t\t<h2>Recursos de salud mental<\/h2>\n\t\t<p>La Asociaci\u00f3n de Salud Mental de Maryland ofrece recursos a los adultos mayores de Maryland para ayudarles a proteger y mejorar su salud mental.<\/p>\n\t\t\t<a href=\"https:\/\/www.mhamd.org\/what-we-do\/outreach-and-education\/vibrant-minds\/\" target=\"_blank\" rel=\"noopener\">\n\t\t\t\t\t\t\tM\u00e1s informaci\u00f3n\n\t\t\t<\/a>\n\t\t<h2>Lista de verificaci\u00f3n para familias sobre el cuidado de la memoria de Johns Hopkins<\/h2>\n\t\t<p>Un recurso innovador que ayuda a las familias afectadas por la demencia a identificar sus necesidades, acceder a informaci\u00f3n confiable y conectarse con apoyos que les ayuden a desarrollar un plan de cuidados m\u00e1s amplio.<\/p>\n\t\t\t<a href=\"https:\/\/marylandaccesspoint.211md.org\/es\/memorycare\/\" target=\"_blank\" rel=\"noopener\">\n\t\t\t\t\t\t\tM\u00e1s informaci\u00f3n\n\t\t\t<\/a>\n\t\t<h2>AD:8 Evaluaci\u00f3n cognitiva<\/h2>\n\t\t<p>Compare los signos del envejecimiento normal con los posibles signos de demencia leve mediante una herramienta de detecci\u00f3n de ocho preguntas.<\/p>\n\t\t\t<a href=\"https:\/\/marylandaccesspoint.211md.org\/es\/ad8\/\" target=\"_self\">\n\t\t\t\t\t\t\tM\u00e1s informaci\u00f3n\n\t\t\t<\/a>\n<figure data-animation-delay=\"0\" data-animation-duration=\"1\" itemscope=\"\" itemtype=\"https:\/\/schema.org\/ImageObject\">\n\t\t\t\t<a href=\"https:\/\/marylandaccesspoint.211md.org\/es\/connect\/\" target=\"_self\" itemprop=\"url\">\n\t\t\t\t<img decoding=\"async\" src=\"https:\/\/marylandaccesspoint.211md.org\/wp-content\/uploads\/2025\/06\/Untitled-design-20-scaled.jpg\" alt=\"two men having a conversation\" height=\"2560\" width=\"2560\" title=\"Atenci\u00f3n a los veteranos\" onerror=\"this.style.display='none'\" loading=\"lazy\">\n\t\t\t\t<\/a>\n\t<\/figure>\n\t<h3>Otros recursos<\/h3>\n<p>P\u00f3ngase en contacto con MAP para obtener m\u00e1s informaci\u00f3n sobre las ayudas a las que puede tener derecho.<\/p>\n<ul>\n<li><a href=\"https:\/\/www.alz.org\/\" target=\"_blank\" rel=\"noopener\">Asociaci\u00f3n de Alzheimer<\/a> ofrece recursos y apoyo para los estadounidenses que viven con Alzheimer y sus familias.<\/li>\n<li><a href=\"tel:211\">Marcando el 211<\/a> puede conectarte con un profesional capacitado en chequeos m\u00e9dicos que realiza revisiones semanales de salud mental.<\/li>\n<li><a href=\"https:\/\/health.maryland.gov\/bha\/suicideprevention\/Documents\/Responding%20to%20Suicidal%20Ideation%20and%20Suicide%20for%20SMVF%20Toolkit.pdf\" target=\"_blank\" rel=\"noopener\">Se\u00f1ales de alerta de suicidio<\/a> ofrece pautas para ayudar a los miembros del servicio militar, los veteranos y sus familias a reconocer y responder a las ideas suicidas.<\/li>\n<\/ul>","protected":false},"excerpt":{"rendered":"<p>Salud cerebral y mental La salud cognitiva y mental es importante para la salud general de todos los residentes de Maryland. Existen recursos disponibles para ayudar a detectar posibles trastornos cognitivos y mentales, y encontrar servicios y apoyos para su atenci\u00f3n. Comience Salud cerebral El Departamento de Envejecimiento de Maryland ofrece recursos relacionados con la salud cerebral, mental y cognitiva...<\/p>","protected":false},"author":13,"featured_media":3830,"parent":0,"menu_order":0,"comment_status":"closed","ping_status":"closed","template":"","meta":{"footnotes":""},"class_list":["post-3769","page","type-page","status-publish","has-post-thumbnail","hentry"],"_links":{"self":[{"href":"https:\/\/marylandaccesspoint.211md.org\/es\/wp-json\/wp\/v2\/pages\/3769","targetHints":{"allow":["GET"]}}],"collection":[{"href":"https:\/\/marylandaccesspoint.211md.org\/es\/wp-json\/wp\/v2\/pages"}],"about":[{"href":"https:\/\/marylandaccesspoint.211md.org\/es\/wp-json\/wp\/v2\/types\/page"}],"author":[{"embeddable":true,"href":"https:\/\/marylandaccesspoint.211md.org\/es\/wp-json\/wp\/v2\/users\/13"}],"replies":[{"embeddable":true,"href":"https:\/\/marylandaccesspoint.211md.org\/es\/wp-json\/wp\/v2\/comments?post=3769"}],"version-history":[{"count":12,"href":"https:\/\/marylandaccesspoint.211md.org\/es\/wp-json\/wp\/v2\/pages\/3769\/revisions"}],"predecessor-version":[{"id":4352,"href":"https:\/\/marylandaccesspoint.211md.org\/es\/wp-json\/wp\/v2\/pages\/3769\/revisions\/4352"}],"wp:featuredmedia":[{"embeddable":true,"href":"https:\/\/marylandaccesspoint.211md.org\/es\/wp-json\/wp\/v2\/media\/3830"}],"wp:attachment":[{"href":"https:\/\/marylandaccesspoint.211md.org\/es\/wp-json\/wp\/v2\/media?parent=3769"}],"curies":[{"name":"wp","href":"https:\/\/api.w.org\/{rel}","templated":true}]}}