{"id":3776,"date":"2025-05-07T17:08:03","date_gmt":"2025-05-07T17:08:03","guid":{"rendered":"https:\/\/marylandaccesspoint.211md.org\/?page_id=3776"},"modified":"2026-04-09T22:07:15","modified_gmt":"2026-04-09T22:07:15","slug":"needsassessment","status":"publish","type":"page","link":"https:\/\/marylandaccesspoint.211md.org\/es\/needsassessment\/","title":{"rendered":"Evaluar las necesidades"},"content":{"rendered":"<h1>Eval\u00faa tus necesidades<\/h1>\n\t\t<p>\u00bfNo sabes por d\u00f3nde empezar? La herramienta de evaluaci\u00f3n de MAP puede ayudarte a determinar qu\u00e9 tipo de apoyo necesitas m\u00e1s y orientarte hacia los programas que pueden ayudarte a satisfacer esas necesidades.<\/p>\n\t\t\t<a href=\"#start\"  target=\"_self\">\n\t\t\t\t\t\t\tComenzar\n\t\t\t\t\t<\/a>\n\t<h2><strong>Herramienta de evaluaci\u00f3n de necesidades de Maryland Access Point<\/strong><\/h2>\n<p>La evaluaci\u00f3n consta de 10 preguntas dise\u00f1adas para orientarte hacia los recursos que mejor se adapten a tus necesidades espec\u00edficas. Responde a cada pregunta seleccionando \u201cs\u00ed\u201d o \u201cno\u201d. Una vez que hayas respondido a todas las preguntas, haz clic en \u201cenviar\u201d para ver tus resultados de b\u00fasqueda personalizados.<\/p>\n<figure data-animation-delay=\"0\" data-animation-duration=\"1\" itemscope itemtype=\"https:\/\/schema.org\/ImageObject\">\n\t\t\t\t<a href=\"https:\/\/marylandaccesspoint.211md.org\/es\/connect\/\"  target=\"_self\" itemprop=\"url\">\n\t\t\t\t<img decoding=\"async\" src=\"https:\/\/marylandaccesspoint.211md.org\/wp-content\/uploads\/2021\/04\/Woman-and-Man-Staring-at-Laptop.png\" alt=\"Woman and man stare at laptop\" height=\"213\" width=\"352\" title=\"Mujer y hombre mirando fijamente una computadora port\u00e1til\" onerror=\"this.style.display='none'\" loading=\"lazy\" \/>\n\t\t\t\t<\/a>\n\t<\/figure>\n\t<h3>Otros recursos<\/h3>\n<p>P\u00f3ngase en contacto con MAP para obtener m\u00e1s informaci\u00f3n sobre las ayudas a las que puede tener derecho.<\/p>\n<ul>\n<li><a href=\"https:\/\/benefitscheckup.org\/\" target=\"_blank\" rel=\"noopener\">BeneficiosCheckUp\u00ae<\/a>\u00a0conecta a millones de adultos mayores y personas con discapacidades con programas de beneficios que pueden ayudarles a costearse alimentos nutritivos, atenci\u00f3n m\u00e9dica y mucho m\u00e1s.<\/li>\n<\/ul>","protected":false},"excerpt":{"rendered":"<p>Eval\u00fae sus necesidades \u00bfNo sabe c\u00f3mo empezar? La herramienta de evaluaci\u00f3n de MAP puede ayudarle a determinar los apoyos que m\u00e1s necesita y orientarle hacia los programas que pueden ayudarle a satisfacer esas necesidades. Empiece ahora Herramienta de evaluaci\u00f3n de necesidades de Maryland Access Point La evaluaci\u00f3n consta de 10 preguntas destinadas a orientarle hacia...<\/p>","protected":false},"author":13,"featured_media":0,"parent":0,"menu_order":0,"comment_status":"closed","ping_status":"closed","template":"","meta":{"footnotes":""},"class_list":["post-3776","page","type-page","status-publish","hentry"],"_links":{"self":[{"href":"https:\/\/marylandaccesspoint.211md.org\/es\/wp-json\/wp\/v2\/pages\/3776","targetHints":{"allow":["GET"]}}],"collection":[{"href":"https:\/\/marylandaccesspoint.211md.org\/es\/wp-json\/wp\/v2\/pages"}],"about":[{"href":"https:\/\/marylandaccesspoint.211md.org\/es\/wp-json\/wp\/v2\/types\/page"}],"author":[{"embeddable":true,"href":"https:\/\/marylandaccesspoint.211md.org\/es\/wp-json\/wp\/v2\/users\/13"}],"replies":[{"embeddable":true,"href":"https:\/\/marylandaccesspoint.211md.org\/es\/wp-json\/wp\/v2\/comments?post=3776"}],"version-history":[{"count":6,"href":"https:\/\/marylandaccesspoint.211md.org\/es\/wp-json\/wp\/v2\/pages\/3776\/revisions"}],"predecessor-version":[{"id":4407,"href":"https:\/\/marylandaccesspoint.211md.org\/es\/wp-json\/wp\/v2\/pages\/3776\/revisions\/4407"}],"wp:attachment":[{"href":"https:\/\/marylandaccesspoint.211md.org\/es\/wp-json\/wp\/v2\/media?parent=3776"}],"curies":[{"name":"wp","href":"https:\/\/api.w.org\/{rel}","templated":true}]}}