{"id":3779,"date":"2025-05-07T18:11:10","date_gmt":"2025-05-07T18:11:10","guid":{"rendered":"https:\/\/marylandaccesspoint.211md.org\/?page_id=3779"},"modified":"2026-04-09T22:02:57","modified_gmt":"2026-04-09T22:02:57","slug":"prepare","status":"publish","type":"page","link":"https:\/\/marylandaccesspoint.211md.org\/es\/prepare\/","title":{"rendered":"Prep\u00e1rese para la asesor\u00eda"},"content":{"rendered":"<h1>Prep\u00e1rese para la asesor\u00eda<\/h1>\n\t\t<p>Estar preparado para su sesi\u00f3n de asesoramiento sobre opciones puede garantizar que se aborden todas sus necesidades y deseos, y ayudar a agilizar el proceso.<\/p>\n\t\t\t<a href=\"#start\"  target=\"_self\">\n\t\t\t\t\t\t\tComenzar\n\t\t\t\t\t<\/a>\n\t<h2>Lista de verificaci\u00f3n<\/h2>\n<p>La siguiente lista de verificaci\u00f3n puede ayudarle a prepararse para su sesi\u00f3n con un consejero local del MAP.<\/p>\n\t\t\t<h3> \u00bfQu\u00e9 quieres lograr?<\/h3> <p>Por ejemplo:<\/p><ul><li>Acceso <a href=\"https:\/\/marylandaccesspoint.211md.org\/es\/home\/\">apoyos en el hogar<\/a><\/li><li>Ayuda para conseguir <a href=\"https:\/\/marylandaccesspoint.211md.org\/es\/food\/\">comestibles o comidas preparadas<\/a><\/li><li>Acceso <a href=\"https:\/\/marylandaccesspoint.211md.org\/es\/equipment\/\">equipo y tecnolog\u00eda<\/a> para necesidades de movilidad, seguridad o comunicaciones<\/li><li>Encontrar apoyo para<a href=\"https:\/\/marylandaccesspoint.211md.org\/es\/transportation\/\"> necesidades de transporte<\/a><\/li><li>Localizar el lugar adecuado <a href=\"https:\/\/marylandaccesspoint.211md.org\/es\/housing\/\">vivienda<\/a> opciones y servicios\u00a0<\/li><li>Direccionamiento <a href=\"https:\/\/marylandaccesspoint.211md.org\/es\/healthcare\/\">atenci\u00f3n m\u00e9dica<\/a> necesidades, incluyendo cobertura, servicios y apoyos<\/li><li>Determinar <a href=\"https:\/\/marylandaccesspoint.211md.org\/es\/financial\/\">asistencia financiera<\/a> programas a los que puedo optar<\/li><\/ul>\t\t\n\t\t\t<h3> \u00bfQu\u00e9 debe saber tu asesor de opciones sobre ti?<\/h3> <p>Por ejemplo:<\/p><ul><li>Cualquier necesidad, valor y preferencia que sea importante para usted.<\/li><li>Cualquier recurso o beneficio que reciba actualmente.<\/li><li>Cualquier cambio pr\u00f3ximo en tu estilo de vida.<\/li><li>Tanto si eres veterano como si no<\/li><\/ul>\t\t\n\t\t\t<h3> \u00bfQui\u00e9n debe participar en su sesi\u00f3n de asesoramiento?<\/h3> <p>Por ejemplo:<\/p><ul><li>Cualquier c\u00f3nyuge, familiar o amigo que desee participar en la sesi\u00f3n de asesoramiento.<\/li><li>Cualquier cuidador, proveedor o apoderado que le ayude con sus finanzas o decisiones de atenci\u00f3n m\u00e9dica.<\/li><\/ul>\t\t\n\t\t\t<h3> \u00bfCon qui\u00e9n debe hablar antes de su sesi\u00f3n de asesoramiento?<\/h3> <p>Por ejemplo:<\/p><ul><li>Un c\u00f3nyuge, familiar o amigo que pueda ayudarte a prepararte.<\/li><li>Un cuidador, proveedor o apoderado que pueda proporcionar informaci\u00f3n importante.<\/li><\/ul>\t\t\n\t\t\t<h3> \u00bfQu\u00e9 debe llevar a la sesi\u00f3n de asesoramiento?<\/h3> <p>Por ejemplo:<\/p><ul><li>Una lista de todos los programas en los que participa o los beneficios p\u00fablicos que recibe.<\/li><li>Identificaci\u00f3n (identificaci\u00f3n estatal o pasaporte)<\/li><li>Prueba de ingresos y activos<\/li><li>Prueba del servicio militar o de la condici\u00f3n de veterano<\/li><\/ul>\t\t\n\t<figure data-animation-delay=\"0\" data-animation-duration=\"1\" itemscope itemtype=\"https:\/\/schema.org\/ImageObject\">\n\t\t\t\t<a href=\"https:\/\/marylandaccesspoint.211md.org\/es\/connect\/\"  target=\"_self\" itemprop=\"url\">\n\t\t\t\t<img decoding=\"async\" src=\"https:\/\/marylandaccesspoint.211md.org\/wp-content\/uploads\/2025\/06\/Untitled-design-25-scaled.jpg\" alt=\"Searching through paperwork\" height=\"2560\" width=\"2560\" title=\"Tr\u00e1mites administrativos\" onerror=\"this.style.display='none'\" loading=\"lazy\" \/>\n\t\t\t\t<\/a>\n\t<\/figure>\n\t<h3>Otros recursos<\/h3>\n<p>\u00bfLe falta documentaci\u00f3n? Estos recursos pueden ayudarle:<\/p>\n<ul>\n<li><a href=\"https:\/\/mva.maryland.gov\/drivers\/Pages\/apply-id-card.aspx\" target=\"_blank\" rel=\"noopener\">Informaci\u00f3n sobre c\u00f3mo obtener una tarjeta de identificaci\u00f3n v\u00e1lida de Maryland.<\/a><\/li>\n<li><a href=\"https:\/\/health.maryland.gov\/vsa\/pages\/birth.aspx\" target=\"_blank\" rel=\"noopener\">Informaci\u00f3n sobre c\u00f3mo obtener un acta de nacimiento de Maryland<\/a><\/li>\n<li><a href=\"https:\/\/www.va.gov\/records\/get-veteran-id-cards\/\" target=\"_blank\" rel=\"noopener\">Informaci\u00f3n sobre c\u00f3mo obtener una tarjeta de identificaci\u00f3n de veterano<\/a><\/li>\n<\/ul>","protected":false},"excerpt":{"rendered":"<p>Prep\u00e1rate para la sesi\u00f3n de orientaci\u00f3n. Estar preparado para tu sesi\u00f3n de orientaci\u00f3n sobre opciones te garantiza que se tengan en cuenta todas tus necesidades y deseos, y ayuda a agilizar el proceso. Lista de verificaci\u00f3n para empezar. La siguiente lista de verificaci\u00f3n te puede ayudar a prepararte para tu sesi\u00f3n con un orientador local de MAP. \u00bfQu\u00e9 quieres lograr? Por ejemplo: Acceder a servicios de apoyo a domicilio. Ayuda\u2026<\/p>","protected":false},"author":13,"featured_media":0,"parent":0,"menu_order":0,"comment_status":"closed","ping_status":"closed","template":"","meta":{"footnotes":""},"class_list":["post-3779","page","type-page","status-publish","hentry"],"_links":{"self":[{"href":"https:\/\/marylandaccesspoint.211md.org\/es\/wp-json\/wp\/v2\/pages\/3779","targetHints":{"allow":["GET"]}}],"collection":[{"href":"https:\/\/marylandaccesspoint.211md.org\/es\/wp-json\/wp\/v2\/pages"}],"about":[{"href":"https:\/\/marylandaccesspoint.211md.org\/es\/wp-json\/wp\/v2\/types\/page"}],"author":[{"embeddable":true,"href":"https:\/\/marylandaccesspoint.211md.org\/es\/wp-json\/wp\/v2\/users\/13"}],"replies":[{"embeddable":true,"href":"https:\/\/marylandaccesspoint.211md.org\/es\/wp-json\/wp\/v2\/comments?post=3779"}],"version-history":[{"count":10,"href":"https:\/\/marylandaccesspoint.211md.org\/es\/wp-json\/wp\/v2\/pages\/3779\/revisions"}],"predecessor-version":[{"id":4405,"href":"https:\/\/marylandaccesspoint.211md.org\/es\/wp-json\/wp\/v2\/pages\/3779\/revisions\/4405"}],"wp:attachment":[{"href":"https:\/\/marylandaccesspoint.211md.org\/es\/wp-json\/wp\/v2\/media?parent=3779"}],"curies":[{"name":"wp","href":"https:\/\/api.w.org\/{rel}","templated":true}]}}