{"id":3792,"date":"2025-05-23T18:58:05","date_gmt":"2025-05-23T18:58:05","guid":{"rendered":"https:\/\/marylandaccesspoint.211md.org\/?page_id=3792"},"modified":"2026-04-09T23:05:57","modified_gmt":"2026-04-09T23:05:57","slug":"ad8","status":"publish","type":"page","link":"https:\/\/marylandaccesspoint.211md.org\/es\/ad8\/","title":{"rendered":"AD8"},"content":{"rendered":"<h1>AD:8 Herramienta de evaluaci\u00f3n cognitiva<\/h1>\n\t\t<p>La Universidad de Washington desarroll\u00f3 la siguiente herramienta de detecci\u00f3n de demencia para comparar los signos del envejecimiento normal con los posibles signos de demencia leve.<\/p>\n\t\t\t<a href=\"#start\"  target=\"_self\">\n\t\t\t\t\t\t\tComenzar\n\t\t\t\t\t<\/a>\n\t<h2>AD:8 Herramienta de evaluaci\u00f3n cognitiva<\/h2>\n<p>Esta evaluaci\u00f3n de 8 preguntas puede ser utilizada por una persona o sus seres queridos antes de programar una evaluaci\u00f3n completa con un m\u00e9dico de cabecera o un profesional de la salud.<\/p>\n<p>El AD8 ha sido validado para varios grupos raciales y \u00e9tnicos y en m\u00faltiples idiomas, incluyendo espa\u00f1ol, franc\u00e9s, portugu\u00e9s, noruego, chino, coreano, indonesio y tagalo (filipino). Usado con permiso. Copyright 2005, Washington University, St. Louis, Missouri. Todos los derechos reservados.<\/p>\n<figure data-animation-delay=\"0\" data-animation-duration=\"1\" itemscope itemtype=\"https:\/\/schema.org\/ImageObject\">\n\t\t\t\t<img decoding=\"async\" src=\"https:\/\/marylandaccesspoint.211md.org\/wp-content\/uploads\/2025\/04\/Images2.jpg\" alt=\"Man typing on computer\" height=\"750\" width=\"750\" title=\"Im\u00e1genes2\" onerror=\"this.style.display='none'\" loading=\"lazy\" \/>\n\t<\/figure>\n\t<h3>Otros recursos<\/h3>\n<p>P\u00f3ngase en contacto con MAP para obtener m\u00e1s informaci\u00f3n sobre las ayudas a las que puede tener derecho.<\/p>\n<ul>\n<li><a href=\"https:\/\/www.alz.org\/\" target=\"_blank\" rel=\"noopener\">Asociaci\u00f3n de Alzheimer<\/a> ofrece recursos y apoyo para los estadounidenses que viven con Alzheimer y sus familias.<\/li>\n<\/ul>","protected":false},"excerpt":{"rendered":"<p>Herramienta de evaluaci\u00f3n cognitiva AD:8 La Universidad de Washington desarroll\u00f3 la siguiente herramienta de evaluaci\u00f3n de la demencia para comparar los signos del envejecimiento normal con los posibles signos de demencia leve. Comience Herramienta de evaluaci\u00f3n cognitiva AD:8 Esta evaluaci\u00f3n de 8 preguntas puede ser utilizada por una persona o sus seres queridos antes de programar una evaluaci\u00f3n completa con un m\u00e9dico de cabecera o...<\/p>","protected":false},"author":13,"featured_media":0,"parent":0,"menu_order":0,"comment_status":"closed","ping_status":"closed","template":"","meta":{"footnotes":""},"class_list":["post-3792","page","type-page","status-publish","hentry"],"_links":{"self":[{"href":"https:\/\/marylandaccesspoint.211md.org\/es\/wp-json\/wp\/v2\/pages\/3792","targetHints":{"allow":["GET"]}}],"collection":[{"href":"https:\/\/marylandaccesspoint.211md.org\/es\/wp-json\/wp\/v2\/pages"}],"about":[{"href":"https:\/\/marylandaccesspoint.211md.org\/es\/wp-json\/wp\/v2\/types\/page"}],"author":[{"embeddable":true,"href":"https:\/\/marylandaccesspoint.211md.org\/es\/wp-json\/wp\/v2\/users\/13"}],"replies":[{"embeddable":true,"href":"https:\/\/marylandaccesspoint.211md.org\/es\/wp-json\/wp\/v2\/comments?post=3792"}],"version-history":[{"count":15,"href":"https:\/\/marylandaccesspoint.211md.org\/es\/wp-json\/wp\/v2\/pages\/3792\/revisions"}],"predecessor-version":[{"id":4430,"href":"https:\/\/marylandaccesspoint.211md.org\/es\/wp-json\/wp\/v2\/pages\/3792\/revisions\/4430"}],"wp:attachment":[{"href":"https:\/\/marylandaccesspoint.211md.org\/es\/wp-json\/wp\/v2\/media?parent=3792"}],"curies":[{"name":"wp","href":"https:\/\/api.w.org\/{rel}","templated":true}]}}