{"id":3796,"date":"2025-05-28T13:28:15","date_gmt":"2025-05-28T13:28:15","guid":{"rendered":"https:\/\/marylandaccesspoint.211md.org\/?page_id=3796"},"modified":"2026-04-09T22:50:18","modified_gmt":"2026-04-09T22:50:18","slug":"providers","status":"publish","type":"page","link":"https:\/\/marylandaccesspoint.211md.org\/es\/providers\/","title":{"rendered":"Proveedores"},"content":{"rendered":"<h1>Informaci\u00f3n para proveedores<\/h1>\n\t\t<p>Las organizaciones comunitarias, los proveedores de servicios sociales y de atenci\u00f3n m\u00e9dica pueden beneficiarse de su asociaci\u00f3n con MAP. Si usted ofrece un servicio o recurso que brinda apoyo a personas mayores y personas con discapacidades, le animamos a que registre su organizaci\u00f3n para formar parte del sistema de derivaci\u00f3n de MAP.<\/p>\n\t\t\t<a href=\"#start\"  target=\"_self\">\n\t\t\t\t\t\t\tM\u00e1s informaci\u00f3n\n\t\t\t\t\t<\/a>\n\t<h2>\u00bfPor qu\u00e9 registrarse en MAP?<\/h2>\n\t<p>MAP ahorra tiempo y dinero a los proveedores de servicios al responder a las preguntas sobre prestaciones de las personas que llaman, buscar los programas y servicios a los que pueden acceder y ayudarles a reunir la documentaci\u00f3n necesaria. A continuaci\u00f3n, le enviamos solo las referencias elegibles con una mejor comprensi\u00f3n del programa y del proceso de solicitud, para que pueda centrarse en atender a sus clientes.<\/p>\n\t<h2>\u00bfQui\u00e9n debe registrarse en el MAP?<\/h2>\n\t\t\t<h3> Gobierno estatal y local<\/h3> <p>Los servicios de salud y sociales, as\u00ed como otros recursos que ofrecen los gobiernos estatales y locales, est\u00e1n en constante evoluci\u00f3n. Es importante registrar los nuevos programas y actualizar los cambios en los programas existentes para garantizar que sean accesibles para quienes re\u00fanen los requisitos.<\/p>\t\t\n\t\t\t<h3> Organizaciones sin fines de lucro y organizaciones comunitarias<\/h3> <p>Los programas y servicios administrados por organizaciones a nivel local son esenciales para el bienestar de las personas mayores y las personas con discapacidades. Registrar su organizaci\u00f3n en MAP puede ayudar a m\u00e1s comunidades a encontrar el apoyo que necesitan.<\/p>\t\t\n\t\t\t<h3> Proveedores de servicios m\u00e9dicos y de atenci\u00f3n<\/h3> <p>Los cuidadores, hospitales, centros de rehabilitaci\u00f3n y otros proveedores de servicios m\u00e9dicos y de salud constituyen la base sobre la que se sustentan los servicios de cuidados a largo plazo. MAP puede conectar a estos proveedores esenciales con quienes los necesitan y crear una cadena de cuidados m\u00e1s s\u00f3lida con otros servicios esenciales a nivel local.<\/p>\t\t\n\t\t<h3>Reg\u00edstrese en MAP<\/h3>\n\t\t<p>\u00bfNuevo en MAP? <a href=\"https:\/\/docs.google.com\/forms\/d\/e\/1FAIpQLSdP1V4oqiAOGr2uK9rkCIxzTpexnlyuDmDkqfJ0CjtIbmWV0A\/viewform\" target=\"_blank\" rel=\"noopener\">Registra tu organizaci\u00f3n aqu\u00ed.<\/a>. Para obtener m\u00e1s informaci\u00f3n sobre nuestra pol\u00edtica de inclusi\u00f3n, visite <a href=\"https:\/\/211md.org\/inclusion-policy\/\">211md.org\/pol\u00edtica-de-inclusi\u00f3n<\/a>.<\/p>\n\t\t\t<a href=\"https:\/\/docs.google.com\/forms\/d\/e\/1FAIpQLSdP1V4oqiAOGr2uK9rkCIxzTpexnlyuDmDkqfJ0CjtIbmWV0A\/viewform\" target=\"_self\" rel=\"noopener\">\n\t\t\t\t\t\t\tReg\u00edstrate con Map\n\t\t\t<\/a>\n\t\t<h3>Actualice su registro<\/h3>\n\t\t<p>Env\u00ede un correo electr\u00f3nico a resources@211md.org para ponerse en contacto con un coordinador del MAP y comentarle los cambios que desea realizar.<\/p>\n\t\t\t<a href=\"mailto:resources@211md.org\"  target=\"_blank\" rel=\"noopener\">\n\t\t\t\t\t\t\tActualizaciones por correo electr\u00f3nico\n\t\t\t<\/a>\n<figure data-animation-delay=\"0\" data-animation-duration=\"1\" itemscope itemtype=\"https:\/\/schema.org\/ImageObject\">\n\t\t\t\t<a href=\"\/es\/connect\/\"  target=\"_self\" itemprop=\"url\">\n\t\t\t\t<img decoding=\"async\" src=\"https:\/\/marylandaccesspoint.211md.org\/wp-content\/uploads\/2025\/04\/Untitled-design-1-1.jpg\" alt=\"Receptionist talking on the phone\" height=\"1080\" width=\"1920\" title=\"Dise\u00f1o sin t\u00edtulo (1)\" onerror=\"this.style.display='none'\" loading=\"lazy\" \/>\n\t\t\t\t<\/a>\n\t<\/figure>\n\t<h3>Servicios MAP<\/h3>\n<ul>\n<li><strong>Apoyos en el hogar y en la comunidad<\/strong> incluidos cuidados, visitas de control del bienestar y servicios de atenci\u00f3n diurna para adultos.<\/li>\n<li><strong>Programas sociales y educativos<\/strong> incluidos programas de enriquecimiento personal y eventos de conexi\u00f3n con la comunidad.<\/li>\n<li><strong>Acceso a los alimentos<\/strong> incluyendo la distribuci\u00f3n de alimentos y comidas, programas de comidas comunitarias y apoyo para acceder a los beneficios del SNAP.<\/li>\n<li><strong>Servicios de salud<\/strong> incluidos los proveedores y recursos m\u00e9dicos, y el acceso a la cobertura y el apoyo.<\/li>\n<li><strong>Ayudas para la vivienda<\/strong> incluidos programas de asistencia para la vida diaria, residencias de ancianos y viviendas comunitarias, as\u00ed como ayudas para el alquiler, los servicios p\u00fablicos y la adaptaci\u00f3n de la vivienda.<\/li>\n<li><strong>Ayuda financiera<\/strong> incluidos los servicios de seguridad social, discapacidad y cr\u00e9ditos fiscales.<\/li>\n<li><strong>Transporte<\/strong> para personas mayores y personas con discapacidades.<\/li>\n<li><strong>Servicios jur\u00eddicos y de defensa<\/strong> y apoyos para ayudar a las personas mayores y a las personas con discapacidad a proteger sus derechos y prevenir la explotaci\u00f3n y el abuso.<\/li>\n<\/ul>","protected":false},"excerpt":{"rendered":"<p>Informaci\u00f3n para proveedores Las organizaciones comunitarias, los proveedores de servicios sociales y de atenci\u00f3n m\u00e9dica pueden beneficiarse de su asociaci\u00f3n con MAP. Si usted ofrece un servicio o recurso que brinda apoyo a personas mayores y personas con discapacidades, le recomendamos que registre su organizaci\u00f3n para formar parte del sistema de derivaci\u00f3n de MAP. M\u00e1s informaci\u00f3n \u00bfPor qu\u00e9 registrarse en MAP? MAP ahorra...<\/p>","protected":false},"author":13,"featured_media":0,"parent":0,"menu_order":0,"comment_status":"closed","ping_status":"closed","template":"","meta":{"footnotes":""},"class_list":["post-3796","page","type-page","status-publish","hentry"],"_links":{"self":[{"href":"https:\/\/marylandaccesspoint.211md.org\/es\/wp-json\/wp\/v2\/pages\/3796","targetHints":{"allow":["GET"]}}],"collection":[{"href":"https:\/\/marylandaccesspoint.211md.org\/es\/wp-json\/wp\/v2\/pages"}],"about":[{"href":"https:\/\/marylandaccesspoint.211md.org\/es\/wp-json\/wp\/v2\/types\/page"}],"author":[{"embeddable":true,"href":"https:\/\/marylandaccesspoint.211md.org\/es\/wp-json\/wp\/v2\/users\/13"}],"replies":[{"embeddable":true,"href":"https:\/\/marylandaccesspoint.211md.org\/es\/wp-json\/wp\/v2\/comments?post=3796"}],"version-history":[{"count":12,"href":"https:\/\/marylandaccesspoint.211md.org\/es\/wp-json\/wp\/v2\/pages\/3796\/revisions"}],"predecessor-version":[{"id":4421,"href":"https:\/\/marylandaccesspoint.211md.org\/es\/wp-json\/wp\/v2\/pages\/3796\/revisions\/4421"}],"wp:attachment":[{"href":"https:\/\/marylandaccesspoint.211md.org\/es\/wp-json\/wp\/v2\/media?parent=3796"}],"curies":[{"name":"wp","href":"https:\/\/api.w.org\/{rel}","templated":true}]}}